{"id":69,"date":"2021-04-20T17:47:42","date_gmt":"2021-04-20T17:47:42","guid":{"rendered":"https:\/\/dassegur.com\/?page_id=69"},"modified":"2021-04-22T10:28:33","modified_gmt":"2021-04-22T10:28:33","slug":"instalaciondesistemas","status":"publish","type":"page","link":"https:\/\/dassegur.com\/index.php\/servicios\/instalaciondesistemas\/","title":{"rendered":"Instalaci\u00f3n de Sistemas"},"content":{"rendered":"<div class=\"vce-row-container\"><div class=\"vce-row vce-element--has-background vce-row--col-gap-30 vce-row-equal-height vce-row-content--top\" data-vce-full-width=\"true\" id=\"el-aef01ebd\" data-vce-do-apply=\"all el-aef01ebd\"><div class=\"vce-content-background-container\"><div class=\"vce-asset-background-simple-container vce-visible-all-only vce-asset-background-simple--style-cover vce-asset-background-simple--position-center-center\"><div class=\"vce-asset-background-simple\"><div class=\"vce-asset-background-simple-item\" style=\"background-image: url('https:\/\/dassegur.com\/wp-content\/uploads\/2021\/04\/cabecera.png');\"><\/div><\/div><\/div><\/div><div class=\"vce-row-content\" data-vce-element-content=\"true\"><div class=\"vce-col vce-col--md-auto vce-col--xs-1 vce-col--xs-last vce-col--xs-first vce-col--sm-last vce-col--sm-first vce-col--md-last vce-col--lg-last vce-col--xl-last vce-col--md-first vce-col--lg-first vce-col--xl-first\" id=\"el-c9c9b59b\"><div class=\"vce-col-inner\" data-vce-do-apply=\"border margin background  el-c9c9b59b\"><div class=\"vce-col-content\" data-vce-element-content=\"true\" data-vce-do-apply=\"padding el-c9c9b59b\"><div class=\"vce-text-block\"><div class=\"vce-text-block-wrapper vce\" id=\"el-f579f2b7\" data-vce-do-apply=\"all el-f579f2b7\"><\/div><\/div><\/div><\/div><\/div><\/div><\/div><\/div><div class=\"vce-row-container\" data-vce-boxed-width=\"true\"><div class=\"vce-row vce-row--col-gap-30 vce-row-equal-height vce-row-content--top\" id=\"el-d21d5127\" data-vce-do-apply=\"all el-d21d5127\"><div class=\"vce-row-content\" data-vce-element-content=\"true\"><div class=\"vce-col vce-col--md-auto vce-col--xs-1 vce-col--xs-last vce-col--xs-first vce-col--sm-last vce-col--sm-first vce-col--md-last vce-col--lg-last vce-col--xl-last vce-col--md-first vce-col--lg-first vce-col--xl-first\" id=\"el-dd99006f\"><div class=\"vce-col-inner\" data-vce-do-apply=\"border margin background  el-dd99006f\"><div class=\"vce-col-content\" data-vce-element-content=\"true\" data-vce-do-apply=\"padding el-dd99006f\"><div class=\"vce-text-block\"><div class=\"vce-text-block-wrapper vce\" id=\"el-f82406e8\" data-vce-do-apply=\"all el-f82406e8\"><p>&nbsp;<\/p><p><span style=\"font-weight: bold; font-style: normal; font-size: 18pt;\">Instalaci\u00f3n de Sistemas<\/span><\/p><p>&nbsp;<\/p><p>Dassegur elabora para sus clientes mediante los conocimientos, la experiencia y los medios adecuados los sistemas y dispositivos para dar una soluci\u00f3n integral para los problemas que puedan surgir en la seguridad para que dicha situaci\u00f3n se solucione con la mejor eficacia a corto, medio y largo plazo componiendose de instalaci\u00f3n mantenimiento de equipos y conexi\u00f3n a central receptora de alarma (CRA)<\/p><p>En DASSEGUR ponemos a su disposici\u00f3n una amplia gama de recursos t\u00e9cnicos y tecnol\u00f3gicos para la vigilancia y protecci\u00f3n de sus bienes inmuebles como c\u00e1maras de video, alarmas, radios de comunicaci\u00f3n, detectores de metales, dispositivos electr\u00f3nicos de acceso&#8230;<\/p><p>El equipo de DASSEGUR, siempre est\u00e1 atento a las mejoras y cambios tecnol\u00f3gicos de cualquier tipo de sistema para que se adecue a las necesidades del cliente con el fin de ahorar costes e inversiones, ser competitivos y que se sienta totalmente satisfecho.<\/p><p>&#8211; Alarmas de hogar y negocios<\/p><p>&#8211; C\u00e1maras de vigilancia<\/p><p>&#8211; Detecci\u00f3n y extinci\u00f3n de incendios<\/p><p>&#8211; Conexi\u00f3n 24 horas C.R.A.<\/p><p>&#8211; Control alarmas y c\u00e1mara mediante APP<\/p><\/div><\/div><\/div><\/div><\/div><\/div><\/div><\/div><div class=\"vce-row-container\"><div class=\"vce-row vce-element--has-background vce-row--col-gap-30 vce-row-equal-height vce-row-content--top\" data-vce-full-width=\"true\" id=\"el-cf2feaf7\" data-vce-do-apply=\"all el-cf2feaf7\"><div class=\"vce-content-background-container\"><\/div><div class=\"vce-row-content\" data-vce-element-content=\"true\"><div class=\"vce-col vce-col--md-19-12p vce-col--xs-1 vce-col--xs-last vce-col--xs-first vce-col--sm-last vce-col--sm-first vce-col--md-first vce-col--lg-first vce-col--xl-first\" id=\"el-a5a486d1\"><div class=\"vce-col-inner\" data-vce-do-apply=\"border margin background  el-a5a486d1\"><div class=\"vce-col-content\" data-vce-element-content=\"true\" data-vce-do-apply=\"padding el-a5a486d1\"><div class=\"vce-text-block\"><div class=\"vce-text-block-wrapper vce\" id=\"el-7a90969a\" data-vce-do-apply=\"all el-7a90969a\"><ul style=\"box-sizing: border-box; padding: 4px 9px; margin: 0px; list-style-type: none; color: #363636; font-family: Raleway, sans-serif; font-size: 14px; font-style: normal; font-variant-ligatures: normal; font-variant-caps: normal; font-weight: 400; letter-spacing: normal; orphans: 2; text-align: start; text-indent: 0px; text-transform: none; white-space: normal; widows: 2; word-spacing: 0px; -webkit-text-stroke-width: 0px; background-color: #ededed; text-decoration-thickness: initial; text-decoration-style: initial; text-decoration-color: initial;\"><li class=\"letra\" style=\"box-sizing: border-box; margin: 0px 0px 3px; font-size: 0.9em; padding: 0px !important 0px 0px 0px !important;\"><div class=\"arriba\" style=\"box-sizing: border-box; padding: 0px; margin: 0px; text-transform: uppercase; color: #ffffff; font-weight: bolder; font-size: 2.5em; -webkit-text-fill-color: #ffffff; -webkit-text-stroke: 0.5px black;\">DASSEGUR<\/div><div class=\"abajo\" style=\"box-sizing: border-box; padding: 0px; margin: 0px; font-size: 1.4em; -webkit-text-fill-color: #ffb400; -webkit-text-stroke: 0.2px black;\">Vigilancia y seguridad<\/div><\/li><li style=\"box-sizing: border-box; padding: 0px; margin: 0px 0px 3px; font-size: 0.9em;\">&nbsp;<\/li><li style=\"box-sizing: border-box; padding: 0px; margin: 0px 0px 3px; font-size: 0.9em;\"><a style=\"box-sizing: border-box; padding: 0px; margin: 0px; color: #222222; text-decoration: none; border: none;\" title=\"Inicio Dassegur\" href=\"https:\/\/dassegur.com\/\">Inicio<\/a><\/li><li style=\"box-sizing: border-box; padding: 0px; margin: 0px 0px 3px; font-size: 0.9em;\"><a style=\"box-sizing: border-box; padding: 0px; margin: 0px; color: #222222; text-decoration: none; border: none;\" title=\"Leer m\u00e1s Dassegur\" href=\"https:\/\/dassegur.com\/index.php\/dassegur\/\">Dassegur<\/a><\/li><li style=\"box-sizing: border-box; padding: 0px; margin: 0px 0px 3px; font-size: 0.9em;\"><a style=\"box-sizing: border-box; padding: 0px; margin: 0px; color: #222222; text-decoration: none; border: none;\" title=\"Leer m\u00e1s Servicios\" href=\"https:\/\/dassegur.com\/index.php\/servicios\/\">Servicios<\/a><\/li><li style=\"box-sizing: border-box; padding: 0px; margin: 0px 0px 3px; font-size: 0.9em;\"><a style=\"box-sizing: border-box; padding: 0px; margin: 0px; color: #222222; text-decoration: none; border: none;\" title=\"Leer m\u00e1s Trabajo\" href=\"https:\/\/dassegur.com\/index.php\/trabajo\/\">Trabajo<\/a><\/li><li style=\"box-sizing: border-box; padding: 0px; margin: 0px 0px 3px; font-size: 0.9em;\"><a style=\"box-sizing: border-box; padding: 0px; margin: 0px; color: #222222; text-decoration: none; border: none;\" title=\"Contacto Dassegur\" href=\"https:\/\/dassegur.com\/index.php\/servicios\/\">Contacto<\/a><\/li><\/ul><\/div><\/div><\/div><\/div><\/div><div class=\"vce-col vce-col--md-14-96p vce-col--xs-1 vce-col--xs-last vce-col--xs-first vce-col--sm-last vce-col--sm-first\" id=\"el-bc3c9252\"><div class=\"vce-col-inner\" data-vce-do-apply=\"border margin background  el-bc3c9252\"><div class=\"vce-col-content\" data-vce-element-content=\"true\" data-vce-do-apply=\"padding el-bc3c9252\"><div class=\"vce-text-block\"><div class=\"vce-text-block-wrapper vce\" id=\"el-abff14c9\" data-vce-do-apply=\"all el-abff14c9\"><ul style=\"box-sizing: border-box; padding: 4px 9px; margin: 0px; list-style-type: none; color: #363636; font-family: Raleway, sans-serif; font-size: 14px; font-style: normal; font-variant-ligatures: normal; font-variant-caps: normal; font-weight: 400; letter-spacing: normal; orphans: 2; text-align: start; text-indent: 0px; text-transform: none; white-space: normal; widows: 2; word-spacing: 0px; -webkit-text-stroke-width: 0px; background-color: #ededed; text-decoration-thickness: initial; text-decoration-style: initial; text-decoration-color: initial;\"><li class=\"cabezali\" style=\"box-sizing: border-box; padding: 32px 0px 10px; margin: 0px 0px 3px; color: #666666; font-size: 0.9em;\">Informaci\u00f3n<\/li><li style=\"box-sizing: border-box; padding: 0px; margin: 0px 0px 3px; font-size: 0.9em;\"><a style=\"box-sizing: border-box; padding: 0px; margin: 0px; color: #222222; text-decoration: none; border: none;\" href=\"https:\/\/dassegur.com\/index.php\/avisolegal\/\">Aviso legal<\/a><\/li><li style=\"box-sizing: border-box; padding: 0px; margin: 0px 0px 3px; font-size: 0.9em;\"><a style=\"box-sizing: border-box; padding: 0px; margin: 0px; color: #222222; text-decoration: none; border: none;\" href=\"https:\/\/dassegur.com\/index.php\/politicadeprivacidad\/\">Pol\u00edtica de privacidad<\/a><\/li><\/ul><\/div><\/div><\/div><\/div><\/div><div class=\"vce-col vce-col--md-34-87p vce-col--xs-1 vce-col--xs-last vce-col--xs-first vce-col--sm-last vce-col--sm-first\" id=\"el-515dc976\"><div class=\"vce-col-inner\" data-vce-do-apply=\"border margin background  el-515dc976\"><div class=\"vce-col-content\" data-vce-element-content=\"true\" data-vce-do-apply=\"padding el-515dc976\"><div class=\"vce-text-block\"><div class=\"vce-text-block-wrapper vce\" id=\"el-bfcbee54\" data-vce-do-apply=\"all el-bfcbee54\"><ul style=\"box-sizing: border-box; padding: 4px 9px; margin: 0px; list-style-type: none; color: #363636; font-family: Raleway, sans-serif; font-size: 14px; font-style: normal; font-variant-ligatures: normal; font-variant-caps: normal; font-weight: 400; letter-spacing: normal; orphans: 2; text-align: start; text-indent: 0px; text-transform: none; white-space: normal; widows: 2; word-spacing: 0px; -webkit-text-stroke-width: 0px; background-color: #ededed; text-decoration-thickness: initial; text-decoration-style: initial; text-decoration-color: initial;\"><li class=\"cabezali\" style=\"box-sizing: border-box; padding: 32px 0px 10px; margin: 0px 0px 3px; color: #666666; font-size: 0.9em;\">Certificaciones<\/li><li class=\"isos\" style=\"box-sizing: border-box; padding: 0px; margin: 0px 0px 3px; font-size: 0.9em;\"><img loading=\"lazy\" decoding=\"async\" class=\"alignnone size-medium wp-image-174\" src=\"https:\/\/dassegur.com\/wp-content\/uploads\/2021\/04\/isos-dassegur-300x89.png\" alt=\"\" width=\"300\" height=\"89\" srcset=\"https:\/\/dassegur.com\/wp-content\/uploads\/2021\/04\/isos-dassegur-300x89.png 300w, https:\/\/dassegur.com\/wp-content\/uploads\/2021\/04\/isos-dassegur-768x229.png 768w, https:\/\/dassegur.com\/wp-content\/uploads\/2021\/04\/isos-dassegur.png 1006w\" sizes=\"auto, (max-width: 300px) 100vw, 300px\" \/><\/li><\/ul><\/div><\/div><\/div><\/div><\/div><div class=\"vce-col vce-col--md-31-05p vce-col--xs-1 vce-col--xs-last vce-col--xs-first vce-col--sm-last vce-col--sm-first vce-col--md-last vce-col--lg-last vce-col--xl-last\" id=\"el-9b4b4819\"><div class=\"vce-col-inner\" data-vce-do-apply=\"border margin background  el-9b4b4819\"><div class=\"vce-col-content\" data-vce-element-content=\"true\" data-vce-do-apply=\"padding el-9b4b4819\"><div class=\"vce-text-block\"><div class=\"vce-text-block-wrapper vce\" id=\"el-6ee25130\" data-vce-do-apply=\"all el-6ee25130\"><div class=\"lineaFooter lineaDerecha\" style=\"box-sizing: border-box; padding: 2px 0px 0px; margin: 5px 0px 0px; position: absolute; float: left; width: 250px; text-align: right; right: 0px; color: #363636; font-family: Raleway, sans-serif; font-size: 14px; font-style: normal; font-variant-ligatures: normal; font-variant-caps: normal; font-weight: 400; letter-spacing: normal; orphans: 2; text-indent: 0px; text-transform: none; white-space: normal; widows: 2; word-spacing: 0px; -webkit-text-stroke-width: 0px; background-color: #ededed; text-decoration-thickness: initial; text-decoration-style: initial; text-decoration-color: initial;\"><ul style=\"box-sizing: border-box; padding: 4px 9px; margin: 0px; list-style-type: none;\"><li class=\"cabezali\" style=\"box-sizing: border-box; padding: 32px 0px 10px; margin: 0px 0px 3px; color: #666666; font-size: 0.9em;\">Newsletter<\/li><li style=\"box-sizing: border-box; padding: 0px; margin: 0px 0px 3px; font-size: 0.9em;\"><div style=\"box-sizing: border-box; padding: 0px; margin: 0px;\">Suscr\u00edbete a nuestra newsletter<\/div><form style=\"box-sizing: border-box; padding: 0px; margin: 0px;\" action=\"http:\/\/82.223.22.20\/plesk-site-preview\/www.dassegur.com\/https\/82.223.22.20\/inicio\" method=\"post\" name=\"formnews\"><div class=\"formulario alineadoDerecha\" style=\"box-sizing: border-box; padding: 0px; margin: 10px 0px 0px; position: absolute; right: 0px; font-size: 1em;\"><div class=\"paralelo\" style=\"box-sizing: border-box; padding: 0px; margin: 0px; float: left; position: relative;\"><input style=\"box-sizing: border-box; padding: 9px 4px; margin: 0px; min-width: 20px; font-family: Raleway, sans-serif; height: 36px;\" maxlength=\"60\" name=\"emailnews\" size=\"17\" type=\"text\" placeholder=\"Email\"><\/div><div class=\"paralelo\" style=\"box-sizing: border-box; padding: 0px; margin: 0px; float: left; position: relative;\"><input class=\"boton\" style=\"box-sizing: border-box; padding: 9px 4px; margin: 0px; min-width: 20px; font-family: Raleway, sans-serif; background: none 0px 0px repeat scroll #ffb400; border: 1px solid #ffb400; color: #ffffff; height: 36px; cursor: pointer; transition: all 0.5s ease-out 0s;\" type=\"button\" value=\"Registrarse\"><\/div><\/div><div class=\"clear\" style=\"box-sizing: border-box; padding: 0px; margin: 0px; clear: both;\">&nbsp;<\/div><\/form><\/li><\/ul><\/div><div class=\"clear\" style=\"box-sizing: border-box; padding: 0px; margin: 0px; clear: both; color: #363636; font-family: Raleway, sans-serif; font-size: 14px; font-style: normal; font-variant-ligatures: normal; font-variant-caps: normal; font-weight: 400; letter-spacing: normal; orphans: 2; text-align: start; text-indent: 0px; text-transform: none; white-space: normal; widows: 2; word-spacing: 0px; -webkit-text-stroke-width: 0px; background-color: #ededed; text-decoration-thickness: initial; text-decoration-style: initial; text-decoration-color: initial;\">&nbsp;<\/div><\/div><\/div><\/div><\/div><\/div><\/div><\/div><\/div>\n","protected":false},"excerpt":{"rendered":"<p>&nbsp;Instalaci\u00f3n de Sistemas&nbsp;Dassegur elabora para sus clientes mediante los conocimientos, la experiencia y los medios adecuados los sistemas y dispositivos para dar una soluci\u00f3n integral para los problemas que puedan surgir en la seguridad para que dicha situaci\u00f3n se solucione con la mejor eficacia a corto, medio y largo plazo componiendose de instalaci\u00f3n mantenimiento de [&hellip;]<\/p>\n","protected":false},"author":1,"featured_media":0,"parent":56,"menu_order":0,"comment_status":"closed","ping_status":"closed","template":"full-width.php","meta":{"footnotes":""},"class_list":["post-69","page","type-page","status-publish","hentry"],"_links":{"self":[{"href":"https:\/\/dassegur.com\/index.php\/wp-json\/wp\/v2\/pages\/69","targetHints":{"allow":["GET"]}}],"collection":[{"href":"https:\/\/dassegur.com\/index.php\/wp-json\/wp\/v2\/pages"}],"about":[{"href":"https:\/\/dassegur.com\/index.php\/wp-json\/wp\/v2\/types\/page"}],"author":[{"embeddable":true,"href":"https:\/\/dassegur.com\/index.php\/wp-json\/wp\/v2\/users\/1"}],"replies":[{"embeddable":true,"href":"https:\/\/dassegur.com\/index.php\/wp-json\/wp\/v2\/comments?post=69"}],"version-history":[{"count":8,"href":"https:\/\/dassegur.com\/index.php\/wp-json\/wp\/v2\/pages\/69\/revisions"}],"predecessor-version":[{"id":206,"href":"https:\/\/dassegur.com\/index.php\/wp-json\/wp\/v2\/pages\/69\/revisions\/206"}],"up":[{"embeddable":true,"href":"https:\/\/dassegur.com\/index.php\/wp-json\/wp\/v2\/pages\/56"}],"wp:attachment":[{"href":"https:\/\/dassegur.com\/index.php\/wp-json\/wp\/v2\/media?parent=69"}],"curies":[{"name":"wp","href":"https:\/\/api.w.org\/{rel}","templated":true}]}}