{"id":61,"date":"2021-04-20T17:41:25","date_gmt":"2021-04-20T17:41:25","guid":{"rendered":"https:\/\/dassegur.com\/?page_id=61"},"modified":"2021-04-22T10:28:45","modified_gmt":"2021-04-22T10:28:45","slug":"seguridadycontrol","status":"publish","type":"page","link":"https:\/\/dassegur.com\/index.php\/servicios\/seguridadycontrol\/","title":{"rendered":"Seguridad y Control"},"content":{"rendered":"<div class=\"vce-row-container\"><div class=\"vce-row vce-element--has-background vce-row--col-gap-30 vce-row-equal-height vce-row-content--top\" data-vce-full-width=\"true\" id=\"el-503e537e\" data-vce-do-apply=\"all el-503e537e\"><div class=\"vce-content-background-container\"><div class=\"vce-asset-background-simple-container vce-visible-all-only vce-asset-background-simple--style-cover vce-asset-background-simple--position-center-center\"><div class=\"vce-asset-background-simple\"><div class=\"vce-asset-background-simple-item\" style=\"background-image: url('https:\/\/dassegur.com\/wp-content\/uploads\/2021\/04\/cabecera.png');\"><\/div><\/div><\/div><\/div><div class=\"vce-row-content\" data-vce-element-content=\"true\"><div class=\"vce-col vce-col--md-auto vce-col--xs-1 vce-col--xs-last vce-col--xs-first vce-col--sm-last vce-col--sm-first vce-col--md-last vce-col--lg-last vce-col--xl-last vce-col--md-first vce-col--lg-first vce-col--xl-first\" id=\"el-d38005a3\"><div class=\"vce-col-inner\" data-vce-do-apply=\"border margin background  el-d38005a3\"><div class=\"vce-col-content\" data-vce-element-content=\"true\" data-vce-do-apply=\"padding el-d38005a3\"><div class=\"vce-text-block\"><div class=\"vce-text-block-wrapper vce\" id=\"el-9e9c23ea\" data-vce-do-apply=\"all el-9e9c23ea\"><\/div><\/div><\/div><\/div><\/div><\/div><\/div><\/div><div class=\"vce-row-container\" data-vce-boxed-width=\"true\"><div class=\"vce-row vce-row--col-gap-30 vce-row-equal-height vce-row-content--top\" id=\"el-03926206\" data-vce-do-apply=\"all el-03926206\"><div class=\"vce-row-content\" data-vce-element-content=\"true\"><div class=\"vce-col vce-col--md-auto vce-col--xs-1 vce-col--xs-last vce-col--xs-first vce-col--sm-last vce-col--sm-first vce-col--md-last vce-col--lg-last vce-col--xl-last vce-col--md-first vce-col--lg-first vce-col--xl-first\" id=\"el-7953349d\"><div class=\"vce-col-inner\" data-vce-do-apply=\"border margin background  el-7953349d\"><div class=\"vce-col-content\" data-vce-element-content=\"true\" data-vce-do-apply=\"padding el-7953349d\"><div class=\"vce-text-block\"><div class=\"vce-text-block-wrapper vce\" id=\"el-a1b2987e\" data-vce-do-apply=\"all el-a1b2987e\"><p>&nbsp;<\/p><p><span style=\"font-weight: bold; font-style: normal; font-size: 18pt;\">Seguridad y Control<\/span><\/p><p>&nbsp;<\/p><p>En Dassegur disponemos de un amplio equipo de vigilantes de seguridad, personas encargadas de proteger la vida y bienes de sus clientes, bienes inmuebles de su empresa y viviendas particulares..<\/p><p>Nuestros vigilantes de seguridad obtienen su habilitaci\u00f3n mediante el Ministerio del interior, despu\u00e9s de superar un proceso selectivo donde se incluyen una serie de pruebas de aptitud f\u00edsicia, conocimientos de la legislaci\u00f3n y procedimientos en cualquier situaci\u00f3n que realiza<\/p><p>&#8211;&nbsp;Vigilancia y control de&nbsp;sus instalaciones, empresa&nbsp;y vivienda particular as\u00ed como de las personas que puedan encontrarse dentro de las mismas.<\/p><p>&#8211; Tareas encaminadas a garantizar la seguridad&nbsp;de sus bienes y el control de los componentes&nbsp;que dentro&nbsp;de las instalaciones se encuentren all\u00ed instalados.<\/p><p>&#8211; Comunicaci\u00f3n inmediata de desperfectos o posibles anomal\u00edas detectadas<\/p><\/div><\/div><\/div><\/div><\/div><\/div><\/div><\/div><div class=\"vce-row-container\"><div class=\"vce-row vce-element--has-background vce-row--col-gap-30 vce-row-equal-height vce-row-content--top vcv-state--show-resizer\" data-vce-full-width=\"true\" id=\"el-c6194439\" data-vce-do-apply=\"all el-c6194439\"><div class=\"vce-content-background-container\"><\/div><div class=\"vce-row-content\" data-vce-element-content=\"true\"><div class=\"vce-col vce-col--md-19-12p vce-col--xs-1 vce-col--xs-last vce-col--xs-first vce-col--sm-last vce-col--sm-first vce-col--md-first vce-col--lg-first vce-col--xl-first\" id=\"el-a94a3ee1\"><div class=\"vce-col-inner\" data-vce-do-apply=\"border margin background  el-a94a3ee1\"><div class=\"vce-col-content\" data-vce-element-content=\"true\" data-vce-do-apply=\"padding el-a94a3ee1\"><div class=\"vce-text-block\"><div class=\"vce-text-block-wrapper vce\" id=\"el-2e57bd62\" data-vce-do-apply=\"all el-2e57bd62\"><ul style=\"box-sizing: border-box; padding: 4px 9px; margin: 0px; list-style-type: none; color: #363636; font-family: Raleway, sans-serif; font-size: 14px; font-style: normal; font-variant-ligatures: normal; font-variant-caps: normal; font-weight: 400; letter-spacing: normal; orphans: 2; text-align: start; text-indent: 0px; text-transform: none; white-space: normal; widows: 2; word-spacing: 0px; -webkit-text-stroke-width: 0px; background-color: #ededed; text-decoration-thickness: initial; text-decoration-style: initial; text-decoration-color: initial;\"><li class=\"letra\" style=\"box-sizing: border-box; margin: 0px 0px 3px; font-size: 0.9em; padding: 0px !important 0px 0px 0px !important;\"><div class=\"arriba\" style=\"box-sizing: border-box; padding: 0px; margin: 0px; text-transform: uppercase; color: #ffffff; font-weight: bolder; font-size: 2.5em; -webkit-text-fill-color: #ffffff; -webkit-text-stroke: 0.5px black;\">DASSEGUR<\/div><div class=\"abajo\" style=\"box-sizing: border-box; padding: 0px; margin: 0px; font-size: 1.4em; -webkit-text-fill-color: #ffb400; -webkit-text-stroke: 0.2px black;\">Vigilancia y seguridad<\/div><\/li><li style=\"box-sizing: border-box; padding: 0px; margin: 0px 0px 3px; font-size: 0.9em;\">&nbsp;<\/li><li style=\"box-sizing: border-box; padding: 0px; margin: 0px 0px 3px; font-size: 0.9em;\"><a style=\"box-sizing: border-box; padding: 0px; margin: 0px; color: #222222; text-decoration: none; border: none;\" title=\"Inicio Dassegur\" href=\"https:\/\/dassegur.com\/\">Inicio<\/a><\/li><li style=\"box-sizing: border-box; padding: 0px; margin: 0px 0px 3px; font-size: 0.9em;\"><a style=\"box-sizing: border-box; padding: 0px; margin: 0px; color: #222222; text-decoration: none; border: none;\" title=\"Leer m\u00e1s Dassegur\" href=\"https:\/\/dassegur.com\/index.php\/dassegur\/\">Dassegur<\/a><\/li><li style=\"box-sizing: border-box; padding: 0px; margin: 0px 0px 3px; font-size: 0.9em;\"><a style=\"box-sizing: border-box; padding: 0px; margin: 0px; color: #222222; text-decoration: none; border: none;\" title=\"Leer m\u00e1s Servicios\" href=\"https:\/\/dassegur.com\/index.php\/servicios\/\">Servicios<\/a><\/li><li style=\"box-sizing: border-box; padding: 0px; margin: 0px 0px 3px; font-size: 0.9em;\"><a style=\"box-sizing: border-box; padding: 0px; margin: 0px; color: #222222; text-decoration: none; border: none;\" title=\"Leer m\u00e1s Trabajo\" href=\"https:\/\/dassegur.com\/index.php\/trabajo\/\">Trabajo<\/a><\/li><li style=\"box-sizing: border-box; padding: 0px; margin: 0px 0px 3px; font-size: 0.9em;\"><a style=\"box-sizing: border-box; padding: 0px; margin: 0px; color: #222222; text-decoration: none; border: none;\" title=\"Contacto Dassegur\" href=\"https:\/\/dassegur.com\/index.php\/servicios\/\">Contacto<\/a><\/li><\/ul><\/div><\/div><\/div><\/div><\/div><div class=\"vce-col vce-col--md-14-96p vce-col--xs-1 vce-col--xs-last vce-col--xs-first vce-col--sm-last vce-col--sm-first\" id=\"el-23b463d7\"><div class=\"vce-col-inner\" data-vce-do-apply=\"border margin background  el-23b463d7\"><div class=\"vce-col-content\" data-vce-element-content=\"true\" data-vce-do-apply=\"padding el-23b463d7\"><div class=\"vce-text-block\"><div class=\"vce-text-block-wrapper vce\" id=\"el-7e4010c4\" data-vce-do-apply=\"all el-7e4010c4\"><ul style=\"box-sizing: border-box; padding: 4px 9px; margin: 0px; list-style-type: none; color: #363636; font-family: Raleway, sans-serif; font-size: 14px; font-style: normal; font-variant-ligatures: normal; font-variant-caps: normal; font-weight: 400; letter-spacing: normal; orphans: 2; text-align: start; text-indent: 0px; text-transform: none; white-space: normal; widows: 2; word-spacing: 0px; -webkit-text-stroke-width: 0px; background-color: #ededed; text-decoration-thickness: initial; text-decoration-style: initial; text-decoration-color: initial;\"><li class=\"cabezali\" style=\"box-sizing: border-box; padding: 32px 0px 10px; margin: 0px 0px 3px; color: #666666; font-size: 0.9em;\">Informaci\u00f3n<\/li><li style=\"box-sizing: border-box; padding: 0px; margin: 0px 0px 3px; font-size: 0.9em;\"><a style=\"box-sizing: border-box; padding: 0px; margin: 0px; color: #222222; text-decoration: none; border: none;\" href=\"https:\/\/dassegur.com\/index.php\/avisolegal\/\">Aviso legal<\/a><\/li><li style=\"box-sizing: border-box; padding: 0px; margin: 0px 0px 3px; font-size: 0.9em;\"><a style=\"box-sizing: border-box; padding: 0px; margin: 0px; color: #222222; text-decoration: none; border: none;\" href=\"https:\/\/dassegur.com\/index.php\/politicadeprivacidad\/\">Pol\u00edtica de privacidad<\/a><\/li><\/ul><\/div><\/div><\/div><\/div><\/div><div class=\"vce-col vce-col--md-34-87p vce-col--xs-1 vce-col--xs-last vce-col--xs-first vce-col--sm-last vce-col--sm-first\" id=\"el-7001e52f\"><div class=\"vce-col-inner\" data-vce-do-apply=\"border margin background  el-7001e52f\"><div class=\"vce-col-content\" data-vce-element-content=\"true\" data-vce-do-apply=\"padding el-7001e52f\"><div class=\"vce-text-block\"><div class=\"vce-text-block-wrapper vce\" id=\"el-9c2effd2\" data-vce-do-apply=\"all el-9c2effd2\"><ul style=\"box-sizing: border-box; padding: 4px 9px; margin: 0px; list-style-type: none; color: #363636; font-family: Raleway, sans-serif; font-size: 14px; font-style: normal; font-variant-ligatures: normal; font-variant-caps: normal; font-weight: 400; letter-spacing: normal; orphans: 2; text-align: start; text-indent: 0px; text-transform: none; white-space: normal; widows: 2; word-spacing: 0px; -webkit-text-stroke-width: 0px; background-color: #ededed; text-decoration-thickness: initial; text-decoration-style: initial; text-decoration-color: initial;\"><li class=\"cabezali\" style=\"box-sizing: border-box; padding: 32px 0px 10px; margin: 0px 0px 3px; color: #666666; font-size: 0.9em;\">Certificaciones<\/li><li class=\"isos\" style=\"box-sizing: border-box; padding: 0px; margin: 0px 0px 3px; font-size: 0.9em;\"><img loading=\"lazy\" decoding=\"async\" class=\"alignnone size-medium wp-image-174\" src=\"https:\/\/dassegur.com\/wp-content\/uploads\/2021\/04\/isos-dassegur-300x89.png\" alt=\"\" width=\"300\" height=\"89\" srcset=\"https:\/\/dassegur.com\/wp-content\/uploads\/2021\/04\/isos-dassegur-300x89.png 300w, https:\/\/dassegur.com\/wp-content\/uploads\/2021\/04\/isos-dassegur-768x229.png 768w, https:\/\/dassegur.com\/wp-content\/uploads\/2021\/04\/isos-dassegur.png 1006w\" sizes=\"auto, (max-width: 300px) 100vw, 300px\" \/><\/li><\/ul><\/div><\/div><\/div><\/div><\/div><div class=\"vce-col vce-col--md-31-05p vce-col--xs-1 vce-col--xs-last vce-col--xs-first vce-col--sm-last vce-col--sm-first vce-col--md-last vce-col--lg-last vce-col--xl-last\" id=\"el-766de2ec\"><div class=\"vce-col-inner\" data-vce-do-apply=\"border margin background  el-766de2ec\"><div class=\"vce-col-content\" data-vce-element-content=\"true\" data-vce-do-apply=\"padding el-766de2ec\"><div class=\"vce-text-block\"><div class=\"vce-text-block-wrapper vce\" id=\"el-9756ab75\" data-vce-do-apply=\"all el-9756ab75\"><div class=\"lineaFooter lineaDerecha\" style=\"box-sizing: border-box; padding: 2px 0px 0px; margin: 5px 0px 0px; position: absolute; float: left; width: 250px; text-align: right; right: 0px; color: #363636; font-family: Raleway, sans-serif; font-size: 14px; font-style: normal; font-variant-ligatures: normal; font-variant-caps: normal; font-weight: 400; letter-spacing: normal; orphans: 2; text-indent: 0px; text-transform: none; white-space: normal; widows: 2; word-spacing: 0px; -webkit-text-stroke-width: 0px; background-color: #ededed; text-decoration-thickness: initial; text-decoration-style: initial; text-decoration-color: initial;\"><ul style=\"box-sizing: border-box; padding: 4px 9px; margin: 0px; list-style-type: none;\"><li class=\"cabezali\" style=\"box-sizing: border-box; padding: 32px 0px 10px; margin: 0px 0px 3px; color: #666666; font-size: 0.9em;\">Newsletter<\/li><li style=\"box-sizing: border-box; padding: 0px; margin: 0px 0px 3px; font-size: 0.9em;\"><div style=\"box-sizing: border-box; padding: 0px; margin: 0px;\">Suscr\u00edbete a nuestra newsletter<\/div><form style=\"box-sizing: border-box; padding: 0px; margin: 0px;\" action=\"http:\/\/82.223.22.20\/plesk-site-preview\/www.dassegur.com\/https\/82.223.22.20\/inicio\" method=\"post\" name=\"formnews\"><div class=\"formulario alineadoDerecha\" style=\"box-sizing: border-box; padding: 0px; margin: 10px 0px 0px; position: absolute; right: 0px; font-size: 1em;\"><div class=\"paralelo\" style=\"box-sizing: border-box; padding: 0px; margin: 0px; float: left; position: relative;\"><input style=\"box-sizing: border-box; padding: 9px 4px; margin: 0px; min-width: 20px; font-family: Raleway, sans-serif; height: 36px;\" maxlength=\"60\" name=\"emailnews\" size=\"17\" type=\"text\" placeholder=\"Email\"><\/div><div class=\"paralelo\" style=\"box-sizing: border-box; padding: 0px; margin: 0px; float: left; position: relative;\"><input class=\"boton\" style=\"box-sizing: border-box; padding: 9px 4px; margin: 0px; min-width: 20px; font-family: Raleway, sans-serif; background: none 0px 0px repeat scroll #ffb400; border: 1px solid #ffb400; color: #ffffff; height: 36px; cursor: pointer; transition: all 0.5s ease-out 0s;\" type=\"button\" value=\"Registrarse\"><\/div><\/div><div class=\"clear\" style=\"box-sizing: border-box; padding: 0px; margin: 0px; clear: both;\">&nbsp;<\/div><\/form><\/li><\/ul><\/div><div class=\"clear\" style=\"box-sizing: border-box; padding: 0px; margin: 0px; clear: both; color: #363636; font-family: Raleway, sans-serif; font-size: 14px; font-style: normal; font-variant-ligatures: normal; font-variant-caps: normal; font-weight: 400; letter-spacing: normal; orphans: 2; text-align: start; text-indent: 0px; text-transform: none; white-space: normal; widows: 2; word-spacing: 0px; -webkit-text-stroke-width: 0px; background-color: #ededed; text-decoration-thickness: initial; text-decoration-style: initial; text-decoration-color: initial;\">&nbsp;<\/div><\/div><\/div><\/div><\/div><\/div><\/div><\/div><\/div>\n","protected":false},"excerpt":{"rendered":"<p>&nbsp;Seguridad y Control&nbsp;En Dassegur disponemos de un amplio equipo de vigilantes de seguridad, personas encargadas de proteger la vida y bienes de sus clientes, bienes inmuebles de su empresa y viviendas particulares..Nuestros vigilantes de seguridad obtienen su habilitaci\u00f3n mediante el Ministerio del interior, despu\u00e9s de superar un proceso selectivo donde se incluyen una serie de [&hellip;]<\/p>\n","protected":false},"author":1,"featured_media":0,"parent":56,"menu_order":0,"comment_status":"closed","ping_status":"closed","template":"full-width.php","meta":{"footnotes":""},"class_list":["post-61","page","type-page","status-publish","hentry"],"_links":{"self":[{"href":"https:\/\/dassegur.com\/index.php\/wp-json\/wp\/v2\/pages\/61","targetHints":{"allow":["GET"]}}],"collection":[{"href":"https:\/\/dassegur.com\/index.php\/wp-json\/wp\/v2\/pages"}],"about":[{"href":"https:\/\/dassegur.com\/index.php\/wp-json\/wp\/v2\/types\/page"}],"author":[{"embeddable":true,"href":"https:\/\/dassegur.com\/index.php\/wp-json\/wp\/v2\/users\/1"}],"replies":[{"embeddable":true,"href":"https:\/\/dassegur.com\/index.php\/wp-json\/wp\/v2\/comments?post=61"}],"version-history":[{"count":8,"href":"https:\/\/dassegur.com\/index.php\/wp-json\/wp\/v2\/pages\/61\/revisions"}],"predecessor-version":[{"id":207,"href":"https:\/\/dassegur.com\/index.php\/wp-json\/wp\/v2\/pages\/61\/revisions\/207"}],"up":[{"embeddable":true,"href":"https:\/\/dassegur.com\/index.php\/wp-json\/wp\/v2\/pages\/56"}],"wp:attachment":[{"href":"https:\/\/dassegur.com\/index.php\/wp-json\/wp\/v2\/media?parent=61"}],"curies":[{"name":"wp","href":"https:\/\/api.w.org\/{rel}","templated":true}]}}