{"id":56,"date":"2021-04-20T17:40:15","date_gmt":"2021-04-20T17:40:15","guid":{"rendered":"https:\/\/dassegur.com\/?page_id=56"},"modified":"2021-04-22T14:37:39","modified_gmt":"2021-04-22T14:37:39","slug":"servicios","status":"publish","type":"page","link":"https:\/\/dassegur.com\/index.php\/servicios\/","title":{"rendered":"Servicios"},"content":{"rendered":"<div class=\"vce-row-container\" data-vce-boxed-width=\"true\"><div class=\"vce-row vce-row--col-gap-30 vce-row-equal-height vce-row-content--top\" id=\"el-f7ea5bce\" data-vce-do-apply=\"all el-f7ea5bce\"><div class=\"vce-row-content\" data-vce-element-content=\"true\"><div class=\"vce-col vce-col--md-auto vce-col--xs-1 vce-col--xs-last vce-col--xs-first vce-col--sm-last vce-col--sm-first vce-col--md-last vce-col--lg-last vce-col--xl-last vce-col--md-first vce-col--lg-first vce-col--xl-first\" id=\"el-f0fa51d6\"><div class=\"vce-col-inner\" data-vce-do-apply=\"border margin background  el-f0fa51d6\"><div class=\"vce-col-content\" data-vce-element-content=\"true\" data-vce-do-apply=\"padding el-f0fa51d6\"><div class=\"vce-row-container\"><div class=\"vce-row vce-element--has-background vce-row--col-gap-30 vce-row-equal-height vce-row-content--top\" data-vce-full-width=\"true\" id=\"el-1be797bb\" data-vce-do-apply=\"all el-1be797bb\"><div class=\"vce-content-background-container\"><div class=\"vce-asset-background-simple-container vce-visible-all-only vce-asset-background-simple--style-cover vce-asset-background-simple--position-center-center\"><div class=\"vce-asset-background-simple\"><div class=\"vce-asset-background-simple-item\" style=\"background-image: url('https:\/\/dassegur.com\/wp-content\/uploads\/2021\/04\/cabecera.png');\"><\/div><\/div><\/div><\/div><div class=\"vce-row-content\" data-vce-element-content=\"true\"><div class=\"vce-col vce-col--md-auto vce-col--xs-1 vce-col--xs-last vce-col--xs-first vce-col--sm-last vce-col--sm-first vce-col--md-last vce-col--lg-last vce-col--xl-last vce-col--md-first vce-col--lg-first vce-col--xl-first\" id=\"el-1718445a\"><div class=\"vce-col-inner\" data-vce-do-apply=\"border margin background  el-1718445a\"><div class=\"vce-col-content\" data-vce-element-content=\"true\" data-vce-do-apply=\"padding el-1718445a\"><div class=\"vce-text-block\"><div class=\"vce-text-block-wrapper vce\" id=\"el-3c872679\" data-vce-do-apply=\"all el-3c872679\"><\/div><\/div><\/div><\/div><\/div><\/div><\/div><\/div><div class=\"vce-text-block\"><div class=\"vce-text-block-wrapper vce\" id=\"el-6c40e080\" data-vce-do-apply=\"all el-6c40e080\"><div class=\"contenido-pagina\"><h3>&nbsp;<\/h3><h3><span style=\"font-size: 24pt;\">SERVICIOS<\/span><\/h3><p>A la lista de servicios que proporciona Dassegur a usted, a sus bienes o a su empresa cabe destacar.<\/p><h3>Programaci\u00f3n a medida<\/h3><p>La experiencia nos ha permitido realizar unos planes espec\u00edficos para diferentes clientes y sectores en especial, para grandes eventos como conciertos o retransmisiones en directo de programas de radiodifusi\u00f3n, siempre respetando el plan de evacuaci\u00f3n y de prevenci\u00f3n de riesgos.<\/p><h3>Servicio t\u00e9cnico<\/h3><p>Soporte exclusivo a empresas y a profesonales.<\/p><p>Nos adaptamos a las necesidades de cada cliente asesorando en funci\u00f3n de las necesidades del cliente \/ empresa.<\/p><p>La experiencia de nuestros t\u00e9cnicos y profesonales nos avala.<\/p><p>Trabajamos con las principtales C.R.A. y T\u00e9cnicos del sector, esto nos permite ofrecer a nuestros clientes un abanico muy amplio de posibilidades, adaptandonos tanto a las necesidades como al presupuesto.<\/p><\/div><\/div><\/div><\/div><\/div><\/div><\/div><\/div><\/div><div class=\"vce-row-container\" data-vce-boxed-width=\"true\"><div class=\"vce-row vce-row--col-gap-30 vce-row-equal-height vce-row-content--top\" id=\"el-eb04e687\" data-vce-do-apply=\"all el-eb04e687\"><div class=\"vce-row-content\" data-vce-element-content=\"true\"><div class=\"vce-col vce-col--md-35-25p vce-col--xs-1 vce-col--xs-last vce-col--xs-first vce-col--sm-last vce-col--sm-first vce-col--md-first vce-col--lg-first vce-col--xl-first\" id=\"el-e68ce617\"><div class=\"vce-col-inner\" data-vce-do-apply=\"border margin background  el-e68ce617\"><div class=\"vce-col-content\" data-vce-element-content=\"true\" data-vce-do-apply=\"padding el-e68ce617\"><div class=\"vce-single-image-container vce-single-image--align-left\"><div class=\"vce vce-single-image-wrapper\" id=\"el-609eb8d9\" data-vce-do-apply=\"all el-609eb8d9\"><figure><div class=\"vce-single-image-inner vce-single-image--absolute\" style=\"padding-bottom: 65.4297%; width: 1024px;\"><img loading=\"lazy\" decoding=\"async\" class=\"vce-single-image\" width=\"1024\" height=\"670\" src=\"https:\/\/dassegur.com\/wp-content\/uploads\/2021\/04\/videovigilancia-1-1024x670.jpg\" srcset=\"https:\/\/dassegur.com\/wp-content\/uploads\/2021\/04\/videovigilancia-1-320x209.jpg 320w,https:\/\/dassegur.com\/wp-content\/uploads\/2021\/04\/videovigilancia-1-480x314.jpg 480w,https:\/\/dassegur.com\/wp-content\/uploads\/2021\/04\/videovigilancia-1-800x523.jpg 800w,https:\/\/dassegur.com\/wp-content\/uploads\/2021\/04\/videovigilancia-1-1024x670.jpg 1024w\" data-img-src=\"https:\/\/dassegur.com\/wp-content\/uploads\/2021\/04\/videovigilancia-1.jpg\" alt=\"\" title=\"videovigilancia (1)\" \/><\/div><figcaption hidden=\"\"><\/figcaption><\/figure><\/div><\/div><\/div><\/div><\/div><div class=\"vce-col vce-col--md-64-75p vce-col--xs-1 vce-col--xs-last vce-col--xs-first vce-col--sm-last vce-col--sm-first vce-col--md-last vce-col--lg-last vce-col--xl-last\" id=\"el-d5a8d97c\"><div class=\"vce-col-inner\" data-vce-do-apply=\"border margin background  el-d5a8d97c\"><div class=\"vce-col-content\" data-vce-element-content=\"true\" data-vce-do-apply=\"padding el-d5a8d97c\"><div class=\"vce-text-block\"><div class=\"vce-text-block-wrapper vce\" id=\"el-c8aff24f\" data-vce-do-apply=\"all el-c8aff24f\"><header class=\"titulon\"><h2><a href=\"https:\/\/dassegur.com\/index.php\/servicios\/seguridadycontrol\/\">Seguridad y Control<\/a><\/h2><\/header><div class=\"resumen\"><p>En Dassegur disponemos de un amplio equipo de vigilantes de seguridad, personas encargadas de proteger la vida y bienes de sus clientes, bienes inmuebles de su empresa y viviendas particulares.<\/p><p>Nuestros vigilantes de seguridad obtienen su habilitaci\u00f3n mediante el Ministerio del interior, despu\u00e9s de superar un proceso selectivo donde se incluyen una serie de pruebas de aptitud f\u00edsicia, conocimientos de la legislaci\u00f3n y procedimientos en cualquier situaci\u00f3n que realiza.<\/p><p>&#8211;&nbsp;Vigilancia y control de&nbsp;sus instalaciones, empresa&nbsp;y vivienda particular as\u00ed como de las personas que pu&#8230;<\/p><\/div><p><a href=\"https:\/\/dassegur.com\/index.php\/servicios\/seguridadycontrol\/\">Ampliar informaci\u00f3n<\/a><\/p><\/div><\/div><\/div><\/div><\/div><\/div><\/div><\/div><div class=\"vce-row-container\" data-vce-boxed-width=\"true\"><div class=\"vce-row vce-row--col-gap-30 vce-row-equal-height vce-row-content--top\" id=\"el-9deb39ae\" data-vce-do-apply=\"all el-9deb39ae\"><div class=\"vce-row-content\" data-vce-element-content=\"true\"><div class=\"vce-col vce-col--md-35-33p vce-col--xs-1 vce-col--xs-last vce-col--xs-first vce-col--sm-last vce-col--sm-first vce-col--md-first vce-col--lg-first vce-col--xl-first\" id=\"el-65fd46e8\"><div class=\"vce-col-inner\" data-vce-do-apply=\"border margin background  el-65fd46e8\"><div class=\"vce-col-content\" data-vce-element-content=\"true\" data-vce-do-apply=\"padding el-65fd46e8\"><div class=\"vce-single-image-container vce-single-image--align-left\"><div class=\"vce vce-single-image-wrapper\" id=\"el-4193860f\" data-vce-do-apply=\"all el-4193860f\"><figure><div class=\"vce-single-image-inner vce-single-image--absolute\" style=\"padding-bottom: 69.2308%; width: 650px;\"><img loading=\"lazy\" decoding=\"async\" class=\"vce-single-image\" width=\"650\" height=\"450\" src=\"https:\/\/dassegur.com\/wp-content\/uploads\/2021\/04\/dassegur-conciertos-1-650x450.jpg\" srcset=\"https:\/\/dassegur.com\/wp-content\/uploads\/2021\/04\/dassegur-conciertos-1-320x222.jpg 320w,https:\/\/dassegur.com\/wp-content\/uploads\/2021\/04\/dassegur-conciertos-1-480x332.jpg 480w,https:\/\/dassegur.com\/wp-content\/uploads\/2021\/04\/dassegur-conciertos-1-650x450.jpg 650w\" data-img-src=\"https:\/\/dassegur.com\/wp-content\/uploads\/2021\/04\/dassegur-conciertos-1.jpg\" alt=\"\" title=\"dassegur-conciertos (1)\" \/><\/div><figcaption hidden=\"\"><\/figcaption><\/figure><\/div><\/div><\/div><\/div><\/div><div class=\"vce-col vce-col--md-64-67p vce-col--xs-1 vce-col--xs-last vce-col--xs-first vce-col--sm-last vce-col--sm-first vce-col--md-last vce-col--lg-last vce-col--xl-last\" id=\"el-3102f6c5\"><div class=\"vce-col-inner\" data-vce-do-apply=\"border margin background  el-3102f6c5\"><div class=\"vce-col-content\" data-vce-element-content=\"true\" data-vce-do-apply=\"padding el-3102f6c5\"><div class=\"vce-text-block\"><div class=\"vce-text-block-wrapper vce\" id=\"el-7b85055d\" data-vce-do-apply=\"all el-7b85055d\"><header class=\"titulon\"><h2><a title=\"leer Servicio de Seguridad\" href=\"https:\/\/dassegur.com\/index.php\/servicios\/serviciodeseguridad\/\">Servicio de Seguridad<\/a><\/h2><\/header><div class=\"resumen\"><h3>Control de accesos por vigilantes<\/h3><p>Disponemos de un amplio equipo de vigilantes de seguridad para el control de accesos, personas encargadas de supervisar y mantener el bienestar de sus clientes, bienes varios de la empresa<\/p><p>Todo nuestro personal debe superar un proceso selectivo realizado por el departamento de RRHH de la empresa<\/p><p>Control de acceso en parking privados, en eventos con afluencia masiva de p\u00fablico y eventos deportivos entre otros.<\/p><h3>Servicio de protecci\u00f3n cineg\u00e9tica<\/h3><p>En Dassegur disponemos de&#8230;<\/p><\/div><p><a href=\"https:\/\/dassegur.com\/index.php\/servicios\/serviciodeseguridad\/\">Ampliar informaci\u00f3n<\/a><\/p><\/div><\/div><\/div><\/div><\/div><\/div><\/div><\/div><div class=\"vce-row-container\" data-vce-boxed-width=\"true\"><div class=\"vce-row vce-row--col-gap-30 vce-row-equal-height vce-row-content--top\" id=\"el-dd1ef912\" data-vce-do-apply=\"all el-dd1ef912\"><div class=\"vce-row-content\" data-vce-element-content=\"true\"><div class=\"vce-col vce-col--md-36-01p vce-col--xs-1 vce-col--xs-last vce-col--xs-first vce-col--sm-last vce-col--sm-first vce-col--md-first vce-col--lg-first vce-col--xl-first\" id=\"el-b21b4fd2\"><div class=\"vce-col-inner\" data-vce-do-apply=\"border margin background  el-b21b4fd2\"><div class=\"vce-col-content\" data-vce-element-content=\"true\" data-vce-do-apply=\"padding el-b21b4fd2\"><div class=\"vce-single-image-container vce-single-image--align-left\"><div class=\"vce vce-single-image-wrapper\" id=\"el-9d467630\" data-vce-do-apply=\"all el-9d467630\"><figure><div class=\"vce-single-image-inner vce-single-image--absolute\" style=\"padding-bottom: 81.4453%; width: 1024px;\"><img loading=\"lazy\" decoding=\"async\" class=\"vce-single-image\" width=\"1024\" height=\"834\" src=\"https:\/\/dassegur.com\/wp-content\/uploads\/2021\/04\/dassegur-hogar-1024x834.jpg\" srcset=\"https:\/\/dassegur.com\/wp-content\/uploads\/2021\/04\/dassegur-hogar-320x261.jpg 320w,https:\/\/dassegur.com\/wp-content\/uploads\/2021\/04\/dassegur-hogar-480x391.jpg 480w,https:\/\/dassegur.com\/wp-content\/uploads\/2021\/04\/dassegur-hogar-800x652.jpg 800w,https:\/\/dassegur.com\/wp-content\/uploads\/2021\/04\/dassegur-hogar-1024x834.jpg 1024w\" data-img-src=\"https:\/\/dassegur.com\/wp-content\/uploads\/2021\/04\/dassegur-hogar.jpg\" alt=\"\" title=\"dassegur-hogar\" \/><\/div><figcaption hidden=\"\"><\/figcaption><\/figure><\/div><\/div><\/div><\/div><\/div><div class=\"vce-col vce-col--md-63-99p vce-col--xs-1 vce-col--xs-last vce-col--xs-first vce-col--sm-last vce-col--sm-first vce-col--md-last vce-col--lg-last vce-col--xl-last\" id=\"el-5c307ab0\"><div class=\"vce-col-inner\" data-vce-do-apply=\"border margin background  el-5c307ab0\"><div class=\"vce-col-content\" data-vce-element-content=\"true\" data-vce-do-apply=\"padding el-5c307ab0\"><div class=\"vce-text-block\"><div class=\"vce-text-block-wrapper vce\" id=\"el-1dd7f020\" data-vce-do-apply=\"all el-1dd7f020\"><header class=\"titulon\"><h2><a title=\"leer Instalaci\u00f3n de Sistemas\" href=\"https:\/\/dassegur.com\/index.php\/servicios\/instalaciondesistemas\/\">Instalaci\u00f3n de Sistemas<\/a><\/h2><\/header><div class=\"resumen\"><p>Dassegur elabora para sus clientes mediante los conocimientos, la experiencia y los medios adecuados los sistemas y dispositivos para dar una soluci\u00f3n integral para los problemas que puedan surgir en la seguridad para que dicha situaci\u00f3n se solucione con la mejor eficacia a corto, medio y largo plazo componiendose de instalaci\u00f3n mantenimiento de equipos y conexi\u00f3n a central receptora de alarma (CRA)<\/p><p>En DASSEGUR ponemos a su disposici\u00f3n una amplia gama de recursos t\u00e9cnicos y tecnol\u00f3gicos para la vigilancia y protecci\u00f3n de sus bienes inmuebles como c\u00e1maras de video, alarmas, radios de comunicaci&amp;o&#8230;<\/p><\/div><p><a href=\"https:\/\/dassegur.com\/index.php\/servicios\/instalaciondesistemas\/\">Ampliar informaci\u00f3n<\/a><\/p><\/div><\/div><\/div><\/div><\/div><\/div><\/div><\/div><div class=\"vce-row-container\"><div class=\"vce-row vce-element--has-background vce-row--col-gap-30 vce-row-equal-height vce-row-content--top vcv-state--show-resizer\" data-vce-full-width=\"true\" id=\"el-a29aac4c\" data-vce-do-apply=\"all el-a29aac4c\"><div class=\"vce-content-background-container\"><\/div><div class=\"vce-row-content\" data-vce-element-content=\"true\"><div class=\"vce-col vce-col--md-19-12p vce-col--xs-1 vce-col--xs-last vce-col--xs-first vce-col--sm-last vce-col--sm-first vce-col--md-first vce-col--lg-first vce-col--xl-first\" id=\"el-8ed808ba\"><div class=\"vce-col-inner\" data-vce-do-apply=\"border margin background  el-8ed808ba\"><div class=\"vce-col-content\" data-vce-element-content=\"true\" data-vce-do-apply=\"padding el-8ed808ba\"><div class=\"vce-text-block\"><div class=\"vce-text-block-wrapper vce\" id=\"el-30c06ae6\" data-vce-do-apply=\"all el-30c06ae6\"><ul style=\"box-sizing: border-box; padding: 4px 9px; margin: 0px; list-style-type: none; color: #363636; font-family: Raleway, sans-serif; font-size: 14px; font-style: normal; font-variant-ligatures: normal; font-variant-caps: normal; font-weight: 400; letter-spacing: normal; orphans: 2; text-align: start; text-indent: 0px; text-transform: none; white-space: normal; widows: 2; word-spacing: 0px; -webkit-text-stroke-width: 0px; background-color: #ededed; text-decoration-thickness: initial; text-decoration-style: initial; text-decoration-color: initial;\"><li class=\"letra\" style=\"box-sizing: border-box; margin: 0px 0px 3px; font-size: 0.9em; padding: 0px !important 0px 0px 0px !important;\"><div class=\"arriba\" style=\"box-sizing: border-box; padding: 0px; margin: 0px; text-transform: uppercase; color: #ffffff; font-weight: bolder; font-size: 2.5em; -webkit-text-fill-color: #ffffff; -webkit-text-stroke: 0.5px black;\">DASSEGUR<\/div><div class=\"abajo\" style=\"box-sizing: border-box; padding: 0px; margin: 0px; font-size: 1.4em; -webkit-text-fill-color: #ffb400; -webkit-text-stroke: 0.2px black;\">Vigilancia y seguridad<\/div><\/li><li style=\"box-sizing: border-box; padding: 0px; margin: 0px 0px 3px; font-size: 0.9em;\">&nbsp;<\/li><li style=\"box-sizing: border-box; padding: 0px; margin: 0px 0px 3px; font-size: 0.9em;\"><a style=\"box-sizing: border-box; padding: 0px; margin: 0px; color: #222222; text-decoration: none; border: none;\" title=\"Inicio Dassegur\" href=\"https:\/\/dassegur.com\/\">Inicio<\/a><\/li><li style=\"box-sizing: border-box; padding: 0px; margin: 0px 0px 3px; font-size: 0.9em;\"><a style=\"box-sizing: border-box; padding: 0px; margin: 0px; color: #222222; text-decoration: none; border: none;\" title=\"Leer m\u00e1s Dassegur\" href=\"https:\/\/dassegur.com\/index.php\/dassegur\/\">Dassegur<\/a><\/li><li style=\"box-sizing: border-box; padding: 0px; margin: 0px 0px 3px; font-size: 0.9em;\"><a style=\"box-sizing: border-box; padding: 0px; margin: 0px; color: #222222; text-decoration: none; border: none;\" title=\"Leer m\u00e1s Servicios\" href=\"https:\/\/dassegur.com\/index.php\/servicios\/\">Servicios<\/a><\/li><li style=\"box-sizing: border-box; padding: 0px; margin: 0px 0px 3px; font-size: 0.9em;\"><a style=\"box-sizing: border-box; padding: 0px; margin: 0px; color: #222222; text-decoration: none; border: none;\" title=\"Leer m\u00e1s Trabajo\" href=\"https:\/\/dassegur.com\/index.php\/trabajo\/\">Trabajo<\/a><\/li><li style=\"box-sizing: border-box; padding: 0px; margin: 0px 0px 3px; font-size: 0.9em;\"><a style=\"box-sizing: border-box; padding: 0px; margin: 0px; color: #222222; text-decoration: none; border: none;\" title=\"Contacto Dassegur\" href=\"https:\/\/dassegur.com\/index.php\/servicios\/\">Contacto<\/a><\/li><\/ul><\/div><\/div><\/div><\/div><\/div><div class=\"vce-col vce-col--md-14-96p vce-col--xs-1 vce-col--xs-last vce-col--xs-first vce-col--sm-last vce-col--sm-first\" id=\"el-4a8504d4\"><div class=\"vce-col-inner\" data-vce-do-apply=\"border margin background  el-4a8504d4\"><div class=\"vce-col-content\" data-vce-element-content=\"true\" data-vce-do-apply=\"padding el-4a8504d4\"><div class=\"vce-text-block\"><div class=\"vce-text-block-wrapper vce\" id=\"el-0e841342\" data-vce-do-apply=\"all el-0e841342\"><ul style=\"box-sizing: border-box; padding: 4px 9px; margin: 0px; list-style-type: none; color: #363636; font-family: Raleway, sans-serif; font-size: 14px; font-style: normal; font-variant-ligatures: normal; font-variant-caps: normal; font-weight: 400; letter-spacing: normal; orphans: 2; text-align: start; text-indent: 0px; text-transform: none; white-space: normal; widows: 2; word-spacing: 0px; -webkit-text-stroke-width: 0px; background-color: #ededed; text-decoration-thickness: initial; text-decoration-style: initial; text-decoration-color: initial;\"><li class=\"cabezali\" style=\"box-sizing: border-box; padding: 32px 0px 10px; margin: 0px 0px 3px; color: #666666; font-size: 0.9em;\">Informaci\u00f3n<\/li><li style=\"box-sizing: border-box; padding: 0px; margin: 0px 0px 3px; font-size: 0.9em;\"><a style=\"box-sizing: border-box; padding: 0px; margin: 0px; color: #222222; text-decoration: none; border: none;\" href=\"https:\/\/dassegur.com\/index.php\/avisolegal\/\">Aviso legal<\/a><\/li><li style=\"box-sizing: border-box; padding: 0px; margin: 0px 0px 3px; font-size: 0.9em;\"><a style=\"box-sizing: border-box; padding: 0px; margin: 0px; color: #222222; text-decoration: none; border: none;\" href=\"https:\/\/dassegur.com\/index.php\/politicadeprivacidad\/\">Pol\u00edtica de privacidad<\/a><\/li><\/ul><\/div><\/div><\/div><\/div><\/div><div class=\"vce-col vce-col--md-34-87p vce-col--xs-1 vce-col--xs-last vce-col--xs-first vce-col--sm-last vce-col--sm-first\" id=\"el-242686f3\"><div class=\"vce-col-inner\" data-vce-do-apply=\"border margin background  el-242686f3\"><div class=\"vce-col-content\" data-vce-element-content=\"true\" data-vce-do-apply=\"padding el-242686f3\"><div class=\"vce-text-block\"><div class=\"vce-text-block-wrapper vce\" id=\"el-b17da542\" data-vce-do-apply=\"all el-b17da542\"><ul style=\"box-sizing: border-box; padding: 4px 9px; margin: 0px; list-style-type: none; color: #363636; font-family: Raleway, sans-serif; font-size: 14px; font-style: normal; font-variant-ligatures: normal; font-variant-caps: normal; font-weight: 400; letter-spacing: normal; orphans: 2; text-align: start; text-indent: 0px; text-transform: none; white-space: normal; widows: 2; word-spacing: 0px; -webkit-text-stroke-width: 0px; background-color: #ededed; text-decoration-thickness: initial; text-decoration-style: initial; text-decoration-color: initial;\"><li class=\"cabezali\" style=\"box-sizing: border-box; padding: 32px 0px 10px; margin: 0px 0px 3px; color: #666666; font-size: 0.9em;\">Certificaciones<\/li><li class=\"isos\" style=\"box-sizing: border-box; padding: 0px; margin: 0px 0px 3px; font-size: 0.9em;\"><img loading=\"lazy\" decoding=\"async\" class=\"alignnone size-medium wp-image-174\" src=\"https:\/\/dassegur.com\/wp-content\/uploads\/2021\/04\/isos-dassegur-300x89.png\" alt=\"\" width=\"300\" height=\"89\" srcset=\"https:\/\/dassegur.com\/wp-content\/uploads\/2021\/04\/isos-dassegur-300x89.png 300w, https:\/\/dassegur.com\/wp-content\/uploads\/2021\/04\/isos-dassegur-768x229.png 768w, https:\/\/dassegur.com\/wp-content\/uploads\/2021\/04\/isos-dassegur.png 1006w\" sizes=\"auto, (max-width: 300px) 100vw, 300px\" \/><\/li><\/ul><\/div><\/div><\/div><\/div><\/div><div class=\"vce-col vce-col--md-31-05p vce-col--xs-1 vce-col--xs-last vce-col--xs-first vce-col--sm-last vce-col--sm-first vce-col--md-last vce-col--lg-last vce-col--xl-last\" id=\"el-12d541f3\"><div class=\"vce-col-inner\" data-vce-do-apply=\"border margin background  el-12d541f3\"><div class=\"vce-col-content\" data-vce-element-content=\"true\" data-vce-do-apply=\"padding el-12d541f3\"><div class=\"vce-text-block\"><div class=\"vce-text-block-wrapper vce\" id=\"el-809d56f0\" data-vce-do-apply=\"all el-809d56f0\"><div class=\"lineaFooter lineaDerecha\" style=\"box-sizing: border-box; padding: 2px 0px 0px; margin: 5px 0px 0px; position: absolute; float: left; width: 250px; text-align: right; right: 0px; color: #363636; font-family: Raleway, sans-serif; font-size: 14px; font-style: normal; font-variant-ligatures: normal; font-variant-caps: normal; font-weight: 400; letter-spacing: normal; orphans: 2; text-indent: 0px; text-transform: none; white-space: normal; widows: 2; word-spacing: 0px; -webkit-text-stroke-width: 0px; background-color: #ededed; text-decoration-thickness: initial; text-decoration-style: initial; text-decoration-color: initial;\"><ul style=\"box-sizing: border-box; padding: 4px 9px; margin: 0px; list-style-type: none;\"><li class=\"cabezali\" style=\"box-sizing: border-box; padding: 32px 0px 10px; margin: 0px 0px 3px; color: #666666; font-size: 0.9em;\">Newsletter<\/li><li style=\"box-sizing: border-box; padding: 0px; margin: 0px 0px 3px; font-size: 0.9em;\"><div style=\"box-sizing: border-box; padding: 0px; margin: 0px;\">Suscr\u00edbete a nuestra newsletter<\/div><form style=\"box-sizing: border-box; padding: 0px; margin: 0px;\" action=\"http:\/\/82.223.22.20\/plesk-site-preview\/www.dassegur.com\/https\/82.223.22.20\/inicio\" method=\"post\" name=\"formnews\"><div class=\"formulario alineadoDerecha\" style=\"box-sizing: border-box; padding: 0px; margin: 10px 0px 0px; position: absolute; right: 0px; font-size: 1em;\"><div class=\"paralelo\" style=\"box-sizing: border-box; padding: 0px; margin: 0px; float: left; position: relative;\"><input style=\"box-sizing: border-box; padding: 9px 4px; margin: 0px; min-width: 20px; font-family: Raleway, sans-serif; height: 36px;\" maxlength=\"60\" name=\"emailnews\" size=\"17\" type=\"text\" placeholder=\"Email\"><\/div><div class=\"paralelo\" style=\"box-sizing: border-box; padding: 0px; margin: 0px; float: left; position: relative;\"><input class=\"boton\" style=\"box-sizing: border-box; padding: 9px 4px; margin: 0px; min-width: 20px; font-family: Raleway, sans-serif; background: none 0px 0px repeat scroll #ffb400; border: 1px solid #ffb400; color: #ffffff; height: 36px; cursor: pointer; transition: all 0.5s ease-out 0s;\" type=\"button\" value=\"Registrarse\"><\/div><\/div><div class=\"clear\" style=\"box-sizing: border-box; padding: 0px; margin: 0px; clear: both;\">&nbsp;<\/div><\/form><\/li><\/ul><\/div><div class=\"clear\" style=\"box-sizing: border-box; padding: 0px; margin: 0px; clear: both; color: #363636; font-family: Raleway, sans-serif; font-size: 14px; font-style: normal; font-variant-ligatures: normal; font-variant-caps: normal; font-weight: 400; letter-spacing: normal; orphans: 2; text-align: start; text-indent: 0px; text-transform: none; white-space: normal; widows: 2; word-spacing: 0px; -webkit-text-stroke-width: 0px; background-color: #ededed; text-decoration-thickness: initial; text-decoration-style: initial; text-decoration-color: initial;\">&nbsp;<\/div><\/div><\/div><\/div><\/div><\/div><\/div><\/div><\/div>\n","protected":false},"excerpt":{"rendered":"<p>&nbsp;SERVICIOSA la lista de servicios que proporciona Dassegur a usted, a sus bienes o a su empresa cabe destacar.Programaci\u00f3n a medidaLa experiencia nos ha permitido realizar unos planes espec\u00edficos para diferentes clientes y sectores en especial, para grandes eventos como conciertos o retransmisiones en directo de programas de radiodifusi\u00f3n, siempre respetando el plan de evacuaci\u00f3n [&hellip;]<\/p>\n","protected":false},"author":1,"featured_media":0,"parent":0,"menu_order":0,"comment_status":"closed","ping_status":"closed","template":"full-width.php","meta":{"footnotes":""},"class_list":["post-56","page","type-page","status-publish","hentry"],"_links":{"self":[{"href":"https:\/\/dassegur.com\/index.php\/wp-json\/wp\/v2\/pages\/56","targetHints":{"allow":["GET"]}}],"collection":[{"href":"https:\/\/dassegur.com\/index.php\/wp-json\/wp\/v2\/pages"}],"about":[{"href":"https:\/\/dassegur.com\/index.php\/wp-json\/wp\/v2\/types\/page"}],"author":[{"embeddable":true,"href":"https:\/\/dassegur.com\/index.php\/wp-json\/wp\/v2\/users\/1"}],"replies":[{"embeddable":true,"href":"https:\/\/dassegur.com\/index.php\/wp-json\/wp\/v2\/comments?post=56"}],"version-history":[{"count":6,"href":"https:\/\/dassegur.com\/index.php\/wp-json\/wp\/v2\/pages\/56\/revisions"}],"predecessor-version":[{"id":220,"href":"https:\/\/dassegur.com\/index.php\/wp-json\/wp\/v2\/pages\/56\/revisions\/220"}],"wp:attachment":[{"href":"https:\/\/dassegur.com\/index.php\/wp-json\/wp\/v2\/media?parent=56"}],"curies":[{"name":"wp","href":"https:\/\/api.w.org\/{rel}","templated":true}]}}