{"id":50,"date":"2021-04-20T17:28:36","date_gmt":"2021-04-20T17:28:36","guid":{"rendered":"https:\/\/dassegur.com\/?page_id=50"},"modified":"2021-04-22T10:27:45","modified_gmt":"2021-04-22T10:27:45","slug":"dassegur","status":"publish","type":"page","link":"https:\/\/dassegur.com\/index.php\/dassegur\/","title":{"rendered":""},"content":{"rendered":"<div class=\"vce-row-container\"><div class=\"vce-row vce-element--has-background vce-row--col-gap-30 vce-row-equal-height vce-row-content--top\" id=\"el-bb2caa43\" data-vce-do-apply=\"all el-bb2caa43\" data-vce-full-width=\"true\"><div class=\"vce-content-background-container\"><div class=\"vce-asset-background-simple-container vce-visible-all-only vce-asset-background-simple--style-cover vce-asset-background-simple--position-center-center\"><div class=\"vce-asset-background-simple\"><div class=\"vce-asset-background-simple-item\" style=\"background-image: url('https:\/\/dassegur.com\/wp-content\/uploads\/2021\/04\/cabecera.png');\"><\/div><\/div><\/div><\/div><div class=\"vce-row-content\" data-vce-element-content=\"true\"><div class=\"vce-col vce-col--md-auto vce-col--xs-1 vce-col--xs-last vce-col--xs-first vce-col--sm-last vce-col--sm-first vce-col--md-last vce-col--lg-last vce-col--xl-last vce-col--md-first vce-col--lg-first vce-col--xl-first\" id=\"el-fa6fc8e5\"><div class=\"vce-col-inner\" data-vce-do-apply=\"border margin background  el-fa6fc8e5\"><div class=\"vce-col-content\" data-vce-element-content=\"true\" data-vce-do-apply=\"padding el-fa6fc8e5\"><div class=\"vce-text-block\"><div class=\"vce-text-block-wrapper vce\" id=\"el-086cc1ff\" data-vce-do-apply=\"all el-086cc1ff\"><\/div><\/div><\/div><\/div><\/div><\/div><\/div><\/div><div class=\"vce-row-container\" data-vce-boxed-width=\"true\"><div class=\"vce-row vce-row--col-gap-30 vce-row-equal-height vce-row-content--top\" id=\"el-60a640d2\" data-vce-do-apply=\"all el-60a640d2\"><div class=\"vce-row-content\" data-vce-element-content=\"true\"><div class=\"vce-col vce-col--md-auto vce-col--xs-1 vce-col--xs-last vce-col--xs-first vce-col--sm-last vce-col--sm-first vce-col--md-last vce-col--lg-last vce-col--xl-last vce-col--md-first vce-col--lg-first vce-col--xl-first\" id=\"el-223f2ca3\"><div class=\"vce-col-inner\" data-vce-do-apply=\"border margin background  el-223f2ca3\"><div class=\"vce-col-content\" data-vce-element-content=\"true\" data-vce-do-apply=\"padding el-223f2ca3\"><div class=\"vce-text-block\"><div class=\"vce-text-block-wrapper vce\" id=\"el-0bb918d0\" data-vce-do-apply=\"all el-0bb918d0\"><div id=\"general\"><div id=\"titulo\"><h1>&nbsp;<\/h1><h1><span style=\"color: #000000;\">Dassegur<\/span><\/h1><p>&nbsp;<\/p><\/div><div class=\"contenido-pagina\"><p>Dassegur nace en 2008 con el objetivo principal de cubrir las necesidades que exige el campo de la seguridad en nuestros d\u00edas<\/p><p>Nuestro lema SERENIDAD Y PROFESIONALIDAD, siendo nuestros clientes la garant\u00eda de nuestra profesionalidad.<\/p><p>Contamos con el personal experto y cualificado que se dedica exclusivamente a la preparaci\u00f3n, formaci\u00f3n y control de nuestos vigilantes de seguridad, t\u00e9cnicos de instalaci\u00f3n de alarmas y dem\u00e1s componentes de nuestra plantilla.<\/p><p>Disponemos de una amplia gama de medios t\u00e9cnicos y profesionales que da cobertura a cualquiera de los servicios de seguridad<\/p><p>En la actualidad DASSEGUR est\u00e1 reconocida por la calidad de sus proyectos para la mejora constante de la competitividad de sus clientes<\/p><p>El objetivos prioritario de nuestra empresa es la mira hacia el futuro y la creaci\u00f3n de valor a\u00f1adido de forma continua tanto para sus clientes, dise\u00f1ando soluciones para cualquier problema, como para sus trabajadores, desarrollando un entorno que les permita alcanzar sus metras profesionales y personales.<\/p><p>En la actualidad poseemos una plantilla de profesionales titulados con una amplia experiencia que oscila entre cinco y veinte a\u00f1os de labor.<\/p><p>Esta circunstancia nos confiere un valioso potencial que unido a la dilatada experiencia de los responsables de cada \u00e1rea, nos hace estar preparados para abordar cualquier proyecto dentro del \u00e1mbito de nuestro sector.<\/p><\/div><\/div><div class=\"clear\">&nbsp;<\/div><\/div><\/div><\/div><\/div><\/div><\/div><\/div><\/div><div class=\"vce-row-container\" data-vce-boxed-width=\"true\"><div class=\"vce-row vce-row--col-gap-30 vce-row-equal-height vce-row-content--top\" id=\"el-17350ffd\" data-vce-do-apply=\"all el-17350ffd\"><div class=\"vce-row-content\" data-vce-element-content=\"true\"><div class=\"vce-col vce-col--md-auto vce-col--xs-1 vce-col--xs-last vce-col--xs-first vce-col--sm-last vce-col--sm-first vce-col--md-first vce-col--lg-first vce-col--xl-first\" id=\"el-503794cb\"><div class=\"vce-col-inner\" data-vce-do-apply=\"border margin background  el-503794cb\"><div class=\"vce-col-content\" data-vce-element-content=\"true\" data-vce-do-apply=\"padding el-503794cb\"><div class=\"vce-single-image-container vce-single-image--align-left\"><div class=\"vce vce-single-image-wrapper\" id=\"el-f6e8ec92\" data-vce-do-apply=\"all el-f6e8ec92\"><figure><div class=\"vce-single-image-inner vce-single-image--absolute\" style=\"padding-bottom: 87.1935%; width: 734px;\"><img loading=\"lazy\" decoding=\"async\" class=\"vce-single-image\" width=\"734\" height=\"640\" src=\"https:\/\/dassegur.com\/wp-content\/uploads\/2021\/04\/imagen-734x640.jpg\" srcset=\"https:\/\/dassegur.com\/wp-content\/uploads\/2021\/04\/imagen-320x279.jpg 320w,https:\/\/dassegur.com\/wp-content\/uploads\/2021\/04\/imagen-480x419.jpg 480w,https:\/\/dassegur.com\/wp-content\/uploads\/2021\/04\/imagen-734x640.jpg 734w\" data-img-src=\"https:\/\/dassegur.com\/wp-content\/uploads\/2021\/04\/imagen.jpg\" alt=\"\" title=\"imagen\" \/><\/div><figcaption hidden=\"\"><\/figcaption><\/figure><\/div><\/div><\/div><\/div><\/div><div class=\"vce-col vce-col--md-auto vce-col--xs-1 vce-col--xs-last vce-col--xs-first vce-col--sm-last vce-col--sm-first vce-col--md-last vce-col--lg-last vce-col--xl-last\" id=\"el-bfd0ad12\"><div class=\"vce-col-inner\" data-vce-do-apply=\"border margin background  el-bfd0ad12\"><div class=\"vce-col-content\" data-vce-element-content=\"true\" data-vce-do-apply=\"padding el-bfd0ad12\"><div class=\"vce-text-block\"><div class=\"vce-text-block-wrapper vce\" id=\"el-6cd3897c\" data-vce-do-apply=\"all el-6cd3897c\"><p><em>Nuestra meta final es la plena satisfacci\u00f3n de nuestros clientes.<\/em><\/p><p><em>Son nuestro mejor escaparate.<\/em><\/p><p>Nos centramos en ofrecer soluciones netamente profesionales y servicios que agraden a nuestros clientes para estar por encima de sus espectativas.<\/p><p>Para que todo esto sea posible, Dassegur pone a su disposici\u00f3n un equipo de profionales con un importante \u00abSaber Hacer\u00bb en cada \u00e1rea de negocio y todos sus recursos, experiencia y tecnolog\u00eda con el objetivo de aportar m\u00e1s margen a su compa\u00f1\u00eda a trav\u00e9s de soluciones ajustadas a sus necesidades.<\/p><p>Dassegur somos una empresa de seguridad registrada en la Direcci\u00f3n general de la Polic\u00eda con el n\u00famero 3690 para la prestaci\u00f3n de servicios de Seguridad y Vigilancia e instalaci\u00f3n y mantenimiento de aparatos dispositivos y sistemas de seguridad.<\/p><\/div><\/div><\/div><\/div><\/div><\/div><\/div><\/div><div class=\"vce-row-container\"><div class=\"vce-row vce-element--has-background vce-row--col-gap-30 vce-row-equal-height vce-row-content--top\" data-vce-full-width=\"true\" id=\"el-5a151f54\" data-vce-do-apply=\"all el-5a151f54\"><div class=\"vce-content-background-container\"><\/div><div class=\"vce-row-content\" data-vce-element-content=\"true\"><div class=\"vce-col vce-col--md-19-12p vce-col--xs-1 vce-col--xs-last vce-col--xs-first vce-col--sm-last vce-col--sm-first vce-col--md-first vce-col--lg-first vce-col--xl-first\" id=\"el-5ddca9bf\"><div class=\"vce-col-inner\" data-vce-do-apply=\"border margin background  el-5ddca9bf\"><div class=\"vce-col-content\" data-vce-element-content=\"true\" data-vce-do-apply=\"padding el-5ddca9bf\"><div class=\"vce-text-block\"><div class=\"vce-text-block-wrapper vce\" id=\"el-9b50b118\" data-vce-do-apply=\"all el-9b50b118\"><ul style=\"box-sizing: border-box; padding: 4px 9px; margin: 0px; list-style-type: none; color: #363636; font-family: Raleway, sans-serif; font-size: 14px; font-style: normal; font-variant-ligatures: normal; font-variant-caps: normal; font-weight: 400; letter-spacing: normal; orphans: 2; text-align: start; text-indent: 0px; text-transform: none; white-space: normal; widows: 2; word-spacing: 0px; -webkit-text-stroke-width: 0px; background-color: #ededed; text-decoration-thickness: initial; text-decoration-style: initial; text-decoration-color: initial;\"><li class=\"letra\" style=\"box-sizing: border-box; margin: 0px 0px 3px; font-size: 0.9em; padding: 0px !important 0px 0px 0px !important;\"><div class=\"arriba\" style=\"box-sizing: border-box; padding: 0px; margin: 0px; text-transform: uppercase; color: #ffffff; font-weight: bolder; font-size: 2.5em; -webkit-text-fill-color: #ffffff; -webkit-text-stroke: 0.5px black;\">DASSEGUR<\/div><div class=\"abajo\" style=\"box-sizing: border-box; padding: 0px; margin: 0px; font-size: 1.4em; -webkit-text-fill-color: #ffb400; -webkit-text-stroke: 0.2px black;\">Vigilancia y seguridad<\/div><\/li><li style=\"box-sizing: border-box; padding: 0px; margin: 0px 0px 3px; font-size: 0.9em;\">&nbsp;<\/li><li style=\"box-sizing: border-box; padding: 0px; margin: 0px 0px 3px; font-size: 0.9em;\"><a style=\"box-sizing: border-box; padding: 0px; margin: 0px; color: #222222; text-decoration: none; border: none;\" title=\"Inicio Dassegur\" href=\"https:\/\/dassegur.com\/\">Inicio<\/a><\/li><li style=\"box-sizing: border-box; padding: 0px; margin: 0px 0px 3px; font-size: 0.9em;\"><a style=\"box-sizing: border-box; padding: 0px; margin: 0px; color: #222222; text-decoration: none; border: none;\" title=\"Leer m\u00e1s Dassegur\" href=\"https:\/\/dassegur.com\/index.php\/dassegur\/\">Dassegur<\/a><\/li><li style=\"box-sizing: border-box; padding: 0px; margin: 0px 0px 3px; font-size: 0.9em;\"><a style=\"box-sizing: border-box; padding: 0px; margin: 0px; color: #222222; text-decoration: none; border: none;\" title=\"Leer m\u00e1s Servicios\" href=\"https:\/\/dassegur.com\/index.php\/servicios\/\">Servicios<\/a><\/li><li style=\"box-sizing: border-box; padding: 0px; margin: 0px 0px 3px; font-size: 0.9em;\"><a style=\"box-sizing: border-box; padding: 0px; margin: 0px; color: #222222; text-decoration: none; border: none;\" title=\"Leer m\u00e1s Trabajo\" href=\"https:\/\/dassegur.com\/index.php\/trabajo\/\">Trabajo<\/a><\/li><li style=\"box-sizing: border-box; padding: 0px; margin: 0px 0px 3px; font-size: 0.9em;\"><a style=\"box-sizing: border-box; padding: 0px; margin: 0px; color: #222222; text-decoration: none; border: none;\" title=\"Contacto Dassegur\" href=\"https:\/\/dassegur.com\/index.php\/servicios\/\">Contacto<\/a><\/li><\/ul><\/div><\/div><\/div><\/div><\/div><div class=\"vce-col vce-col--md-14-96p vce-col--xs-1 vce-col--xs-last vce-col--xs-first vce-col--sm-last vce-col--sm-first\" id=\"el-d82928ec\"><div class=\"vce-col-inner\" data-vce-do-apply=\"border margin background  el-d82928ec\"><div class=\"vce-col-content\" data-vce-element-content=\"true\" data-vce-do-apply=\"padding el-d82928ec\"><div class=\"vce-text-block\"><div class=\"vce-text-block-wrapper vce\" id=\"el-0995211c\" data-vce-do-apply=\"all el-0995211c\"><ul style=\"box-sizing: border-box; padding: 4px 9px; margin: 0px; list-style-type: none; color: #363636; font-family: Raleway, sans-serif; font-size: 14px; font-style: normal; font-variant-ligatures: normal; font-variant-caps: normal; font-weight: 400; letter-spacing: normal; orphans: 2; text-align: start; text-indent: 0px; text-transform: none; white-space: normal; widows: 2; word-spacing: 0px; -webkit-text-stroke-width: 0px; background-color: #ededed; text-decoration-thickness: initial; text-decoration-style: initial; text-decoration-color: initial;\"><li class=\"cabezali\" style=\"box-sizing: border-box; padding: 32px 0px 10px; margin: 0px 0px 3px; color: #666666; font-size: 0.9em;\">Informaci\u00f3n<\/li><li style=\"box-sizing: border-box; padding: 0px; margin: 0px 0px 3px; font-size: 0.9em;\"><a style=\"box-sizing: border-box; padding: 0px; margin: 0px; color: #222222; text-decoration: none; border: none;\" href=\"https:\/\/dassegur.com\/index.php\/avisolegal\/\">Aviso legal<\/a><\/li><li style=\"box-sizing: border-box; padding: 0px; margin: 0px 0px 3px; font-size: 0.9em;\"><a style=\"box-sizing: border-box; padding: 0px; margin: 0px; color: #222222; text-decoration: none; border: none;\" href=\"https:\/\/dassegur.com\/index.php\/politicadeprivacidad\/\">Pol\u00edtica de privacidad<\/a><\/li><\/ul><\/div><\/div><\/div><\/div><\/div><div class=\"vce-col vce-col--md-34-87p vce-col--xs-1 vce-col--xs-last vce-col--xs-first vce-col--sm-last vce-col--sm-first\" id=\"el-ffad6e94\"><div class=\"vce-col-inner\" data-vce-do-apply=\"border margin background  el-ffad6e94\"><div class=\"vce-col-content\" data-vce-element-content=\"true\" data-vce-do-apply=\"padding el-ffad6e94\"><div class=\"vce-text-block\"><div class=\"vce-text-block-wrapper vce\" id=\"el-7278aafe\" data-vce-do-apply=\"all el-7278aafe\"><ul style=\"box-sizing: border-box; padding: 4px 9px; margin: 0px; list-style-type: none; color: #363636; font-family: Raleway, sans-serif; font-size: 14px; font-style: normal; font-variant-ligatures: normal; font-variant-caps: normal; font-weight: 400; letter-spacing: normal; orphans: 2; text-align: start; text-indent: 0px; text-transform: none; white-space: normal; widows: 2; word-spacing: 0px; -webkit-text-stroke-width: 0px; background-color: #ededed; text-decoration-thickness: initial; text-decoration-style: initial; text-decoration-color: initial;\"><li class=\"cabezali\" style=\"box-sizing: border-box; padding: 32px 0px 10px; margin: 0px 0px 3px; color: #666666; font-size: 0.9em;\">Certificaciones<\/li><li class=\"isos\" style=\"box-sizing: border-box; padding: 0px; margin: 0px 0px 3px; font-size: 0.9em;\"><img loading=\"lazy\" decoding=\"async\" class=\"alignnone size-medium wp-image-174\" src=\"https:\/\/dassegur.com\/wp-content\/uploads\/2021\/04\/isos-dassegur-300x89.png\" alt=\"\" width=\"300\" height=\"89\" srcset=\"https:\/\/dassegur.com\/wp-content\/uploads\/2021\/04\/isos-dassegur-300x89.png 300w, https:\/\/dassegur.com\/wp-content\/uploads\/2021\/04\/isos-dassegur-768x229.png 768w, https:\/\/dassegur.com\/wp-content\/uploads\/2021\/04\/isos-dassegur.png 1006w\" sizes=\"auto, (max-width: 300px) 100vw, 300px\" \/><\/li><\/ul><\/div><\/div><\/div><\/div><\/div><div class=\"vce-col vce-col--md-31-05p vce-col--xs-1 vce-col--xs-last vce-col--xs-first vce-col--sm-last vce-col--sm-first vce-col--md-last vce-col--lg-last vce-col--xl-last\" id=\"el-4ef8d46b\"><div class=\"vce-col-inner\" data-vce-do-apply=\"border margin background  el-4ef8d46b\"><div class=\"vce-col-content\" data-vce-element-content=\"true\" data-vce-do-apply=\"padding el-4ef8d46b\"><div class=\"vce-text-block\"><div class=\"vce-text-block-wrapper vce\" id=\"el-f2e5834e\" data-vce-do-apply=\"all el-f2e5834e\"><div class=\"lineaFooter lineaDerecha\" style=\"box-sizing: border-box; padding: 2px 0px 0px; margin: 5px 0px 0px; position: absolute; float: left; width: 250px; text-align: right; right: 0px; color: #363636; font-family: Raleway, sans-serif; font-size: 14px; font-style: normal; font-variant-ligatures: normal; font-variant-caps: normal; font-weight: 400; letter-spacing: normal; orphans: 2; text-indent: 0px; text-transform: none; white-space: normal; widows: 2; word-spacing: 0px; -webkit-text-stroke-width: 0px; background-color: #ededed; text-decoration-thickness: initial; text-decoration-style: initial; text-decoration-color: initial;\"><ul style=\"box-sizing: border-box; padding: 4px 9px; margin: 0px; list-style-type: none;\"><li class=\"cabezali\" style=\"box-sizing: border-box; padding: 32px 0px 10px; margin: 0px 0px 3px; color: #666666; font-size: 0.9em;\">Newsletter<\/li><li style=\"box-sizing: border-box; padding: 0px; margin: 0px 0px 3px; font-size: 0.9em;\"><div style=\"box-sizing: border-box; padding: 0px; margin: 0px;\">Suscr\u00edbete a nuestra newsletter<\/div><form style=\"box-sizing: border-box; padding: 0px; margin: 0px;\" action=\"http:\/\/82.223.22.20\/plesk-site-preview\/www.dassegur.com\/https\/82.223.22.20\/inicio\" method=\"post\" name=\"formnews\"><div class=\"formulario alineadoDerecha\" style=\"box-sizing: border-box; padding: 0px; margin: 10px 0px 0px; position: absolute; right: 0px; font-size: 1em;\"><div class=\"paralelo\" style=\"box-sizing: border-box; padding: 0px; margin: 0px; float: left; position: relative;\"><input style=\"box-sizing: border-box; padding: 9px 4px; margin: 0px; min-width: 20px; font-family: Raleway, sans-serif; height: 36px;\" maxlength=\"60\" name=\"emailnews\" size=\"17\" type=\"text\" placeholder=\"Email\"><\/div><div class=\"paralelo\" style=\"box-sizing: border-box; padding: 0px; margin: 0px; float: left; position: relative;\"><input class=\"boton\" style=\"box-sizing: border-box; padding: 9px 4px; margin: 0px; min-width: 20px; font-family: Raleway, sans-serif; background: none 0px 0px repeat scroll #ffb400; border: 1px solid #ffb400; color: #ffffff; height: 36px; cursor: pointer; transition: all 0.5s ease-out 0s;\" type=\"button\" value=\"Registrarse\"><\/div><\/div><div class=\"clear\" style=\"box-sizing: border-box; padding: 0px; margin: 0px; clear: both;\">&nbsp;<\/div><\/form><\/li><\/ul><\/div><div class=\"clear\" style=\"box-sizing: border-box; padding: 0px; margin: 0px; clear: both; color: #363636; font-family: Raleway, sans-serif; font-size: 14px; font-style: normal; font-variant-ligatures: normal; font-variant-caps: normal; font-weight: 400; letter-spacing: normal; orphans: 2; text-align: start; text-indent: 0px; text-transform: none; white-space: normal; widows: 2; word-spacing: 0px; -webkit-text-stroke-width: 0px; background-color: #ededed; text-decoration-thickness: initial; text-decoration-style: initial; text-decoration-color: initial;\">&nbsp;<\/div><\/div><\/div><\/div><\/div><\/div><\/div><\/div><\/div>\n","protected":false},"excerpt":{"rendered":"<p>&nbsp;Dassegur&nbsp;Dassegur nace en 2008 con el objetivo principal de cubrir las necesidades que exige el campo de la seguridad en nuestros d\u00edasNuestro lema SERENIDAD Y PROFESIONALIDAD, siendo nuestros clientes la garant\u00eda de nuestra profesionalidad.Contamos con el personal experto y cualificado que se dedica exclusivamente a la preparaci\u00f3n, formaci\u00f3n y control de nuestos vigilantes de seguridad, [&hellip;]<\/p>\n","protected":false},"author":1,"featured_media":0,"parent":0,"menu_order":0,"comment_status":"closed","ping_status":"closed","template":"full-width.php","meta":{"footnotes":""},"class_list":["post-50","page","type-page","status-publish","hentry"],"_links":{"self":[{"href":"https:\/\/dassegur.com\/index.php\/wp-json\/wp\/v2\/pages\/50","targetHints":{"allow":["GET"]}}],"collection":[{"href":"https:\/\/dassegur.com\/index.php\/wp-json\/wp\/v2\/pages"}],"about":[{"href":"https:\/\/dassegur.com\/index.php\/wp-json\/wp\/v2\/types\/page"}],"author":[{"embeddable":true,"href":"https:\/\/dassegur.com\/index.php\/wp-json\/wp\/v2\/users\/1"}],"replies":[{"embeddable":true,"href":"https:\/\/dassegur.com\/index.php\/wp-json\/wp\/v2\/comments?post=50"}],"version-history":[{"count":7,"href":"https:\/\/dassegur.com\/index.php\/wp-json\/wp\/v2\/pages\/50\/revisions"}],"predecessor-version":[{"id":205,"href":"https:\/\/dassegur.com\/index.php\/wp-json\/wp\/v2\/pages\/50\/revisions\/205"}],"wp:attachment":[{"href":"https:\/\/dassegur.com\/index.php\/wp-json\/wp\/v2\/media?parent=50"}],"curies":[{"name":"wp","href":"https:\/\/api.w.org\/{rel}","templated":true}]}}