{"id":3,"date":"2021-04-20T15:33:51","date_gmt":"2021-04-20T15:33:51","guid":{"rendered":"https:\/\/dassegur.com\/?page_id=3"},"modified":"2021-04-22T15:02:17","modified_gmt":"2021-04-22T15:02:17","slug":"politica-privacidad","status":"publish","type":"page","link":"https:\/\/dassegur.com\/index.php\/politica-privacidad\/","title":{"rendered":"Pol\u00edtica de privacidad"},"content":{"rendered":"<div class=\"vce-row-container\"><div class=\"vce-row vce-element--has-background vce-row--col-gap-30 vce-row-equal-height vce-row-content--top vcv-state--show-resizer\" data-vce-full-width=\"true\" id=\"el-382181e7\" data-vce-do-apply=\"all el-382181e7\"><div class=\"vce-content-background-container\"><div class=\"vce-asset-background-simple-container vce-visible-all-only vce-asset-background-simple--style-cover vce-asset-background-simple--position-center-center\"><div class=\"vce-asset-background-simple\"><div class=\"vce-asset-background-simple-item\" style=\"background-image: url('https:\/\/dassegur.com\/wp-content\/uploads\/2021\/04\/cabecera.png');\"><\/div><\/div><\/div><\/div><div class=\"vce-row-content\" data-vce-element-content=\"true\"><div class=\"vce-col vce-col--md-auto vce-col--xs-1 vce-col--xs-last vce-col--xs-first vce-col--sm-last vce-col--sm-first vce-col--md-last vce-col--lg-last vce-col--xl-last vce-col--md-first vce-col--lg-first vce-col--xl-first\" id=\"el-c352c005\"><div class=\"vce-col-inner\" data-vce-do-apply=\"border margin background  el-c352c005\"><div class=\"vce-col-content\" data-vce-element-content=\"true\" data-vce-do-apply=\"padding el-c352c005\"><div class=\"vce-text-block\"><div class=\"vce-text-block-wrapper vce\" id=\"el-78eba887\" data-vce-do-apply=\"all el-78eba887\"><\/div><\/div><\/div><\/div><\/div><\/div><\/div><\/div><div class=\"vce-row-container\" data-vce-boxed-width=\"true\"><div class=\"vce-row vce-row--col-gap-30 vce-row-equal-height vce-row-content--top\" id=\"el-edcc0687\" data-vce-do-apply=\"all el-edcc0687\"><div class=\"vce-row-content\" data-vce-element-content=\"true\"><div class=\"vce-col vce-col--md-auto vce-col--xs-1 vce-col--xs-last vce-col--xs-first vce-col--sm-last vce-col--sm-first vce-col--md-last vce-col--lg-last vce-col--xl-last vce-col--md-first vce-col--lg-first vce-col--xl-first\" id=\"el-7e0f36b6\"><div class=\"vce-col-inner\" data-vce-do-apply=\"border margin background  el-7e0f36b6\"><div class=\"vce-col-content\" data-vce-element-content=\"true\" data-vce-do-apply=\"padding el-7e0f36b6\"><div class=\"vce-text-block\"><div class=\"vce-text-block-wrapper vce\" id=\"el-a79a9432\" data-vce-do-apply=\"all el-a79a9432\">\n<h2 class=\"wp-block-heading\">Qui\u00e9nes somos<\/h2>\n<p>&nbsp;<\/p>\n\n<h2 class=\"wp-block-heading\">Medios<\/h2>\n\n<p>Si subes im\u00e1genes a la web, deber\u00edas evitar subir im\u00e1genes con datos de ubicaci\u00f3n (GPS EXIF) incluidos. Los visitantes de la web pueden descargar y extraer cualquier dato de ubicaci\u00f3n de las im\u00e1genes de la web.<\/p>\n\n<h2 class=\"wp-block-heading\">Cookies<\/h2>\n\n<p>Si dejas un comentario en nuestro sitio puedes elegir guardar tu nombre, direcci\u00f3n de correo electr\u00f3nico y web en cookies. Esto es para tu comodidad, para que no tengas que volver a rellenar tus datos cuando dejes otro comentario. Estas cookies tendr\u00e1n una duraci\u00f3n de un a\u00f1o.<\/p>\n\n<p>Si tienes una cuenta y te conectas a este sitio, instalaremos una cookie temporal para determinar si tu navegador acepta cookies. Esta cookie no contiene datos personales y se elimina al cerrar el navegador.<\/p>\n\n<p>Cuando accedas, tambi\u00e9n instalaremos varias cookies para guardar tu informaci\u00f3n de acceso y tus opciones de visualizaci\u00f3n de pantalla. Las cookies de acceso duran dos d\u00edas, y las cookies de opciones de pantalla duran un a\u00f1o. Si seleccionas \u00abRecu\u00e9rdarme\u00bb, tu acceso perdurar\u00e1 durante dos semanas. Si sales de tu cuenta, las cookies de acceso se eliminar\u00e1n.<\/p>\n\n<p>Si editas o publicas un art\u00edculo se guardar\u00e1 una cookie adicional en tu navegador. Esta cookie no incluye datos personales y simplemente indica el ID del art\u00edculo que acabas de editar. Caduca despu\u00e9s de 1 d\u00eda.<\/p>\n\n<h2 class=\"wp-block-heading\">Contenido incrustado de otros sitios web<\/h2>\n\n<p>Los art\u00edculos de este sitio pueden incluir contenido incrustado (por ejemplo, v\u00eddeos, im\u00e1genes, art\u00edculos, etc.). El contenido incrustado de otras webs se comporta exactamente de la misma manera que si el visitante hubiera visitado la otra web.<\/p>\n\n<p>Estas web pueden recopilar datos sobre ti, utilizar cookies, incrustar un seguimiento adicional de terceros, y supervisar tu interacci\u00f3n con ese contenido incrustado, incluido el seguimiento de tu interacci\u00f3n con el contenido incrustado si tienes una cuenta y est\u00e1s conectado a esa web.<\/p>\n\n<h2 class=\"wp-block-heading\">Con qui\u00e9n compartimos tus datos<\/h2>\n\n<p>Si solicitas un restablecimiento de contrase\u00f1a, tu direcci\u00f3n IP ser\u00e1 incluida en el correo electr\u00f3nico de restablecimiento.<\/p>\n\n<h2 class=\"wp-block-heading\">Cu\u00e1nto tiempo conservamos tus datos<\/h2>\n\n<p>De los usuarios que se registran en nuestra web (si los hay), tambi\u00e9n almacenamos la informaci\u00f3n personal que proporcionan en su perfil de usuario. Todos los usuarios pueden ver, editar o eliminar su informaci\u00f3n personal en cualquier momento (excepto que no pueden cambiar su nombre de usuario). Los administradores de la web tambi\u00e9n pueden ver y editar esa informaci\u00f3n.<\/p>\n\n<h2 class=\"wp-block-heading\">Qu\u00e9 derechos tienes sobre tus datos<\/h2>\n\n<p>Si tienes una cuenta o has dejado comentarios en esta web, puedes solicitar recibir un archivo de exportaci\u00f3n de los datos personales que tenemos sobre ti, incluyendo cualquier dato que nos hayas proporcionado. Tambi\u00e9n puedes solicitar que eliminemos cualquier dato personal que tengamos sobre ti. Esto no incluye ning\u00fan dato que estemos obligados a conservar con fines administrativos, legales o de seguridad.<\/p>\n<\/div><\/div><\/div><\/div><\/div><\/div><\/div><\/div><div class=\"vce-row-container\"><div class=\"vce-row vce-element--has-background vce-row--col-gap-30 vce-row-equal-height vce-row-content--top\" data-vce-full-width=\"true\" id=\"el-aed6c34f\" data-vce-do-apply=\"all el-aed6c34f\"><div class=\"vce-content-background-container\"><\/div><div class=\"vce-row-content\" data-vce-element-content=\"true\"><div class=\"vce-col vce-col--md-19-12p vce-col--xs-1 vce-col--xs-last vce-col--xs-first vce-col--sm-last vce-col--sm-first vce-col--md-first vce-col--lg-first vce-col--xl-first\" id=\"el-d48771f3\"><div class=\"vce-col-inner\" data-vce-do-apply=\"border margin background  el-d48771f3\"><div class=\"vce-col-content\" data-vce-element-content=\"true\" data-vce-do-apply=\"padding el-d48771f3\"><div class=\"vce-text-block\"><div class=\"vce-text-block-wrapper vce\" id=\"el-c55d7d4d\" data-vce-do-apply=\"all el-c55d7d4d\"><ul style=\"box-sizing: border-box; padding: 4px 9px; margin: 0px; list-style-type: none; color: #363636; font-family: Raleway, sans-serif; font-size: 14px; font-style: normal; font-variant-ligatures: normal; font-variant-caps: normal; font-weight: 400; letter-spacing: normal; orphans: 2; text-align: start; text-indent: 0px; text-transform: none; white-space: normal; widows: 2; word-spacing: 0px; -webkit-text-stroke-width: 0px; background-color: #ededed; text-decoration-thickness: initial; text-decoration-style: initial; text-decoration-color: initial;\"><li class=\"letra\" style=\"box-sizing: border-box; margin: 0px 0px 3px; font-size: 0.9em; padding: 0px !important 0px 0px 0px !important;\"><div class=\"arriba\" style=\"box-sizing: border-box; padding: 0px; margin: 0px; text-transform: uppercase; color: #ffffff; font-weight: bolder; font-size: 2.5em; -webkit-text-fill-color: #ffffff; -webkit-text-stroke: 0.5px black;\">DASSEGUR<\/div><div class=\"abajo\" style=\"box-sizing: border-box; padding: 0px; margin: 0px; font-size: 1.4em; -webkit-text-fill-color: #ffb400; -webkit-text-stroke: 0.2px black;\">Vigilancia y seguridad<\/div><\/li><li style=\"box-sizing: border-box; padding: 0px; margin: 0px 0px 3px; font-size: 0.9em;\">&nbsp;<\/li><li style=\"box-sizing: border-box; padding: 0px; margin: 0px 0px 3px; font-size: 0.9em;\"><a style=\"box-sizing: border-box; padding: 0px; margin: 0px; color: #222222; text-decoration: none; border: none;\" title=\"Inicio Dassegur\" href=\"https:\/\/dassegur.com\/\">Inicio<\/a><\/li><li style=\"box-sizing: border-box; padding: 0px; margin: 0px 0px 3px; font-size: 0.9em;\"><a style=\"box-sizing: border-box; padding: 0px; margin: 0px; color: #222222; text-decoration: none; border: none;\" title=\"Leer m\u00e1s Dassegur\" href=\"https:\/\/dassegur.com\/index.php\/dassegur\/\">Dassegur<\/a><\/li><li style=\"box-sizing: border-box; padding: 0px; margin: 0px 0px 3px; font-size: 0.9em;\"><a style=\"box-sizing: border-box; padding: 0px; margin: 0px; color: #222222; text-decoration: none; border: none;\" title=\"Leer m\u00e1s Servicios\" href=\"https:\/\/dassegur.com\/index.php\/servicios\/\">Servicios<\/a><\/li><li style=\"box-sizing: border-box; padding: 0px; margin: 0px 0px 3px; font-size: 0.9em;\"><a style=\"box-sizing: border-box; padding: 0px; margin: 0px; color: #222222; text-decoration: none; border: none;\" title=\"Leer m\u00e1s Trabajo\" href=\"https:\/\/dassegur.com\/index.php\/trabajo\/\">Trabajo<\/a><\/li><li style=\"box-sizing: border-box; padding: 0px; margin: 0px 0px 3px; font-size: 0.9em;\"><a style=\"box-sizing: border-box; padding: 0px; margin: 0px; color: #222222; text-decoration: none; border: none;\" title=\"Contacto Dassegur\" href=\"https:\/\/dassegur.com\/index.php\/servicios\/\">Contacto<\/a><\/li><\/ul><\/div><\/div><\/div><\/div><\/div><div class=\"vce-col vce-col--md-14-96p vce-col--xs-1 vce-col--xs-last vce-col--xs-first vce-col--sm-last vce-col--sm-first\" id=\"el-9d4cbcac\"><div class=\"vce-col-inner\" data-vce-do-apply=\"border margin background  el-9d4cbcac\"><div class=\"vce-col-content\" data-vce-element-content=\"true\" data-vce-do-apply=\"padding el-9d4cbcac\"><div class=\"vce-text-block\"><div class=\"vce-text-block-wrapper vce\" id=\"el-6f8d0273\" data-vce-do-apply=\"all el-6f8d0273\"><ul style=\"box-sizing: border-box; padding: 4px 9px; margin: 0px; list-style-type: none; color: #363636; font-family: Raleway, sans-serif; font-size: 14px; font-style: normal; font-variant-ligatures: normal; font-variant-caps: normal; font-weight: 400; letter-spacing: normal; orphans: 2; text-align: start; text-indent: 0px; text-transform: none; white-space: normal; widows: 2; word-spacing: 0px; -webkit-text-stroke-width: 0px; background-color: #ededed; text-decoration-thickness: initial; text-decoration-style: initial; text-decoration-color: initial;\"><li class=\"cabezali\" style=\"box-sizing: border-box; padding: 32px 0px 10px; margin: 0px 0px 3px; color: #666666; font-size: 0.9em;\">Informaci\u00f3n<\/li><li style=\"box-sizing: border-box; padding: 0px; margin: 0px 0px 3px; font-size: 0.9em;\"><a style=\"box-sizing: border-box; padding: 0px; margin: 0px; color: #222222; text-decoration: none; border: none;\" href=\"https:\/\/dassegur.com\/index.php\/avisolegal\/\">Aviso legal<\/a><\/li><li style=\"box-sizing: border-box; padding: 0px; margin: 0px 0px 3px; font-size: 0.9em;\"><a style=\"box-sizing: border-box; padding: 0px; margin: 0px; color: #222222; text-decoration: none; border: none;\" href=\"https:\/\/dassegur.com\/index.php\/politicadeprivacidad\/\">Pol\u00edtica de privacidad<\/a><\/li><\/ul><\/div><\/div><\/div><\/div><\/div><div class=\"vce-col vce-col--md-34-87p vce-col--xs-1 vce-col--xs-last vce-col--xs-first vce-col--sm-last vce-col--sm-first\" id=\"el-2486931c\"><div class=\"vce-col-inner\" data-vce-do-apply=\"border margin background  el-2486931c\"><div class=\"vce-col-content\" data-vce-element-content=\"true\" data-vce-do-apply=\"padding el-2486931c\"><div class=\"vce-text-block\"><div class=\"vce-text-block-wrapper vce\" id=\"el-3c5dd063\" data-vce-do-apply=\"all el-3c5dd063\"><ul style=\"box-sizing: border-box; padding: 4px 9px; margin: 0px; list-style-type: none; color: #363636; font-family: Raleway, sans-serif; font-size: 14px; font-style: normal; font-variant-ligatures: normal; font-variant-caps: normal; font-weight: 400; letter-spacing: normal; orphans: 2; text-align: start; text-indent: 0px; text-transform: none; white-space: normal; widows: 2; word-spacing: 0px; -webkit-text-stroke-width: 0px; background-color: #ededed; text-decoration-thickness: initial; text-decoration-style: initial; text-decoration-color: initial;\"><li class=\"cabezali\" style=\"box-sizing: border-box; padding: 32px 0px 10px; margin: 0px 0px 3px; color: #666666; font-size: 0.9em;\">Certificaciones<\/li><li class=\"isos\" style=\"box-sizing: border-box; padding: 0px; margin: 0px 0px 3px; font-size: 0.9em;\"><img loading=\"lazy\" decoding=\"async\" class=\"alignnone size-medium wp-image-174\" src=\"https:\/\/dassegur.com\/wp-content\/uploads\/2021\/04\/isos-dassegur-300x89.png\" alt=\"\" width=\"300\" height=\"89\" srcset=\"https:\/\/dassegur.com\/wp-content\/uploads\/2021\/04\/isos-dassegur-300x89.png 300w, https:\/\/dassegur.com\/wp-content\/uploads\/2021\/04\/isos-dassegur-768x229.png 768w, https:\/\/dassegur.com\/wp-content\/uploads\/2021\/04\/isos-dassegur.png 1006w\" sizes=\"auto, (max-width: 300px) 100vw, 300px\" \/><\/li><\/ul><\/div><\/div><\/div><\/div><\/div><div class=\"vce-col vce-col--md-31-05p vce-col--xs-1 vce-col--xs-last vce-col--xs-first vce-col--sm-last vce-col--sm-first vce-col--md-last vce-col--lg-last vce-col--xl-last\" id=\"el-8c07d72f\"><div class=\"vce-col-inner\" data-vce-do-apply=\"border margin background  el-8c07d72f\"><div class=\"vce-col-content\" data-vce-element-content=\"true\" data-vce-do-apply=\"padding el-8c07d72f\"><div class=\"vce-text-block\"><div class=\"vce-text-block-wrapper vce\" id=\"el-f2370f44\" data-vce-do-apply=\"all el-f2370f44\"><div class=\"lineaFooter lineaDerecha\" style=\"box-sizing: border-box; padding: 2px 0px 0px; margin: 5px 0px 0px; position: absolute; float: left; width: 250px; text-align: right; right: 0px; color: #363636; font-family: Raleway, sans-serif; font-size: 14px; font-style: normal; font-variant-ligatures: normal; font-variant-caps: normal; font-weight: 400; letter-spacing: normal; orphans: 2; text-indent: 0px; text-transform: none; white-space: normal; widows: 2; word-spacing: 0px; -webkit-text-stroke-width: 0px; background-color: #ededed; text-decoration-thickness: initial; text-decoration-style: initial; text-decoration-color: initial;\"><ul style=\"box-sizing: border-box; padding: 4px 9px; margin: 0px; list-style-type: none;\"><li class=\"cabezali\" style=\"box-sizing: border-box; padding: 32px 0px 10px; margin: 0px 0px 3px; color: #666666; font-size: 0.9em;\">Newsletter<\/li><li style=\"box-sizing: border-box; padding: 0px; margin: 0px 0px 3px; font-size: 0.9em;\"><div style=\"box-sizing: border-box; padding: 0px; margin: 0px;\">Suscr\u00edbete a nuestra newsletter<\/div><form style=\"box-sizing: border-box; padding: 0px; margin: 0px;\" action=\"http:\/\/82.223.22.20\/plesk-site-preview\/www.dassegur.com\/https\/82.223.22.20\/inicio\" method=\"post\" name=\"formnews\"><div class=\"formulario alineadoDerecha\" style=\"box-sizing: border-box; padding: 0px; margin: 10px 0px 0px; position: absolute; right: 0px; font-size: 1em;\"><div class=\"paralelo\" style=\"box-sizing: border-box; padding: 0px; margin: 0px; float: left; position: relative;\"><input style=\"box-sizing: border-box; padding: 9px 4px; margin: 0px; min-width: 20px; font-family: Raleway, sans-serif; height: 36px;\" maxlength=\"60\" name=\"emailnews\" size=\"17\" type=\"text\" placeholder=\"Email\"><\/div><div class=\"paralelo\" style=\"box-sizing: border-box; padding: 0px; margin: 0px; float: left; position: relative;\"><input class=\"boton\" style=\"box-sizing: border-box; padding: 9px 4px; margin: 0px; min-width: 20px; font-family: Raleway, sans-serif; background: none 0px 0px repeat scroll #ffb400; border: 1px solid #ffb400; color: #ffffff; height: 36px; cursor: pointer; transition: all 0.5s ease-out 0s;\" type=\"button\" value=\"Registrarse\"><\/div><\/div><div class=\"clear\" style=\"box-sizing: border-box; padding: 0px; margin: 0px; clear: both;\">&nbsp;<\/div><\/form><\/li><\/ul><\/div><div class=\"clear\" style=\"box-sizing: border-box; padding: 0px; margin: 0px; clear: both; color: #363636; font-family: Raleway, sans-serif; font-size: 14px; font-style: normal; font-variant-ligatures: normal; font-variant-caps: normal; font-weight: 400; letter-spacing: normal; orphans: 2; text-align: start; text-indent: 0px; text-transform: none; white-space: normal; widows: 2; word-spacing: 0px; -webkit-text-stroke-width: 0px; background-color: #ededed; text-decoration-thickness: initial; text-decoration-style: initial; text-decoration-color: initial;\">&nbsp;<\/div><\/div><\/div><\/div><\/div><\/div><\/div><\/div><\/div>","protected":false},"excerpt":{"rendered":"<p>Qui\u00e9nes somos &nbsp; Medios Si subes im\u00e1genes a la web, deber\u00edas evitar subir im\u00e1genes con datos de ubicaci\u00f3n (GPS EXIF) incluidos. Los visitantes de la web pueden descargar y extraer cualquier dato de ubicaci\u00f3n de las im\u00e1genes de la web. Cookies Si dejas un comentario en nuestro sitio puedes elegir guardar tu nombre, direcci\u00f3n de [&hellip;]<\/p>\n","protected":false},"author":1,"featured_media":0,"parent":0,"menu_order":0,"comment_status":"closed","ping_status":"open","template":"","meta":{"footnotes":""},"class_list":["post-3","page","type-page","status-publish","hentry"],"_links":{"self":[{"href":"https:\/\/dassegur.com\/index.php\/wp-json\/wp\/v2\/pages\/3","targetHints":{"allow":["GET"]}}],"collection":[{"href":"https:\/\/dassegur.com\/index.php\/wp-json\/wp\/v2\/pages"}],"about":[{"href":"https:\/\/dassegur.com\/index.php\/wp-json\/wp\/v2\/types\/page"}],"author":[{"embeddable":true,"href":"https:\/\/dassegur.com\/index.php\/wp-json\/wp\/v2\/users\/1"}],"replies":[{"embeddable":true,"href":"https:\/\/dassegur.com\/index.php\/wp-json\/wp\/v2\/comments?post=3"}],"version-history":[{"count":3,"href":"https:\/\/dassegur.com\/index.php\/wp-json\/wp\/v2\/pages\/3\/revisions"}],"predecessor-version":[{"id":229,"href":"https:\/\/dassegur.com\/index.php\/wp-json\/wp\/v2\/pages\/3\/revisions\/229"}],"wp:attachment":[{"href":"https:\/\/dassegur.com\/index.php\/wp-json\/wp\/v2\/media?parent=3"}],"curies":[{"name":"wp","href":"https:\/\/api.w.org\/{rel}","templated":true}]}}