{"id":180,"date":"2021-04-21T18:18:01","date_gmt":"2021-04-21T18:18:01","guid":{"rendered":"https:\/\/dassegur.com\/?page_id=180"},"modified":"2021-04-22T10:12:05","modified_gmt":"2021-04-22T10:12:05","slug":"politicadeprivacidad","status":"publish","type":"page","link":"https:\/\/dassegur.com\/index.php\/politicadeprivacidad\/","title":{"rendered":"Pol\u00edtica de privacidad"},"content":{"rendered":"<div class=\"vce-row-container\"><div class=\"vce-row vce-element--has-background vce-row--col-gap-30 vce-row-equal-height vce-row-content--top\" data-vce-full-width=\"true\" id=\"el-ecb7f642\" data-vce-do-apply=\"all el-ecb7f642\"><div class=\"vce-content-background-container\"><div class=\"vce-asset-background-simple-container vce-visible-all-only vce-asset-background-simple--style-cover vce-asset-background-simple--position-center-center\"><div class=\"vce-asset-background-simple\"><div class=\"vce-asset-background-simple-item\" style=\"background-image: url('https:\/\/dassegur.com\/wp-content\/uploads\/2021\/04\/cabecera.png');\"><\/div><\/div><\/div><\/div><div class=\"vce-row-content\" data-vce-element-content=\"true\"><div class=\"vce-col vce-col--md-auto vce-col--xs-1 vce-col--xs-last vce-col--xs-first vce-col--sm-last vce-col--sm-first vce-col--md-last vce-col--lg-last vce-col--xl-last vce-col--md-first vce-col--lg-first vce-col--xl-first\" id=\"el-2bbf2965\"><div class=\"vce-col-inner\" data-vce-do-apply=\"border margin background  el-2bbf2965\"><div class=\"vce-col-content\" data-vce-element-content=\"true\" data-vce-do-apply=\"padding el-2bbf2965\"><div class=\"vce-text-block\"><div class=\"vce-text-block-wrapper vce\" id=\"el-42ac1c39\" data-vce-do-apply=\"all el-42ac1c39\"><\/div><\/div><\/div><\/div><\/div><\/div><\/div><\/div><div class=\"vce-row-container\" data-vce-boxed-width=\"true\"><div class=\"vce-row vce-row--col-gap-30 vce-row-equal-height vce-row-content--top\" id=\"el-c46cb19a\" data-vce-do-apply=\"all el-c46cb19a\"><div class=\"vce-row-content\" data-vce-element-content=\"true\"><div class=\"vce-col vce-col--md-auto vce-col--xs-1 vce-col--xs-last vce-col--xs-first vce-col--sm-last vce-col--sm-first vce-col--md-last vce-col--lg-last vce-col--xl-last vce-col--md-first vce-col--lg-first vce-col--xl-first\" id=\"el-05adbc11\"><div class=\"vce-col-inner\" data-vce-do-apply=\"border margin background  el-05adbc11\"><div class=\"vce-col-content\" data-vce-element-content=\"true\" data-vce-do-apply=\"padding el-05adbc11\"><div class=\"vce-text-block\"><div class=\"vce-text-block-wrapper vce\" id=\"el-031a8c35\" data-vce-do-apply=\"all el-031a8c35\"><div id=\"titulo\" style=\"box-sizing: border-box; padding: 0px; margin: 20px 0px; color: #68717a; font-family: Raleway, sans-serif; font-size: 14px; font-style: normal; font-variant-ligatures: normal; font-variant-caps: normal; font-weight: 400; letter-spacing: normal; orphans: 2; text-align: start; text-indent: 0px; text-transform: none; white-space: normal; widows: 2; word-spacing: 0px; -webkit-text-stroke-width: 0px; background-color: #ffffff; text-decoration-thickness: initial; text-decoration-style: initial; text-decoration-color: initial;\">\n<h1 style=\"box-sizing: border-box; padding: 0px; margin: 0px; color: #333333;\">Pol\u00edtica de privacidad<\/h1>\n<\/div>\n<div class=\"contenido-pagina\" style=\"box-sizing: border-box; padding: 0px; margin: 30px 0px; color: #68717a; font-family: Raleway, sans-serif; font-size: 14px; font-style: normal; font-variant-ligatures: normal; font-variant-caps: normal; font-weight: 400; letter-spacing: normal; orphans: 2; text-align: start; text-indent: 0px; text-transform: none; white-space: normal; widows: 2; word-spacing: 0px; -webkit-text-stroke-width: 0px; background-color: #ffffff; text-decoration-thickness: initial; text-decoration-style: initial; text-decoration-color: initial;\">\n<div style=\"box-sizing: border-box; padding: 0px; margin: 20px 0px 0px;\">\n<h3 style=\"box-sizing: border-box; padding: 0px 0px 5px; margin: 0px; font-size: 1.5em; font-weight: 400;\">1.&nbsp;&nbsp; &nbsp; INTRODUCCI\u00d3N<\/h3>\n<p style=\"box-sizing: border-box; padding: 0px; margin: 0px;\">En caso de que un usuario de la web u otro medio an\u00e1logo (en adelante, el \u201cUsuario\u201d) contacte con Dassegur, S.L. para pedir informaci\u00f3n (Facebook, Twitter, LinkedIn), los datos vertidos \u00fanicamente ser\u00e1n tratados para poder contestar a dicha comunicaci\u00f3n. Si, adem\u00e1s, el Usuario ha dado su consentimiento expreso de que desea recibir informaci\u00f3n de car\u00e1cter comercial de Dassegur, S.L., sus datos ser\u00e1n almacenados y tratados para esta finalidad. La informaci\u00f3n nunca ser\u00e1 tratada con una finalidad distinta para la que fue recabada.<\/p>\n<p style=\"box-sizing: border-box; padding: 0px; margin: 0px;\"><br style=\"box-sizing: border-box; padding: 0px; margin: 0px;\">Si el Usuario ha consentido expresamente la recepci\u00f3n de informaci\u00f3n comercial de Dassegur, S.L., en cualquier momento puede dar de baja la suscripci\u00f3n a este tipo de comunicaciones, sin ning\u00fan tipo de coste, enviando un email a info@dassegur.com.<\/p>\n<p style=\"box-sizing: border-box; padding: 0px; margin: 0px;\"><br style=\"box-sizing: border-box; padding: 0px; margin: 0px;\">Dassegur, S.L.&nbsp; no vende, transfiere, cede o pone a disposici\u00f3n de terceros los datos de los Usuarios sin su consentimiento expreso previo. Cuando el Usuario facilita su informaci\u00f3n de car\u00e1cter personal a Dassegur, S.L., est\u00e1 autorizando a Dassegur, S.L. a que dicha informaci\u00f3n sea tratada conforme a la presente Pol\u00edtica de privacidad. En caso de que no quiera que su informaci\u00f3n sea tratada de acuerdo con la misma, no env\u00ede sus datos.<br style=\"box-sizing: border-box; padding: 0px; margin: 0px;\">&nbsp;<\/p>\n<h3 style=\"box-sizing: border-box; padding: 0px 0px 5px; margin: 0px; font-size: 1.5em; font-weight: 400;\">2.&nbsp;&nbsp; &nbsp;RESPONSABLE DEL TRATAMIENTO<\/h3>\n<p style=\"box-sizing: border-box; padding: 0px; margin: 0px;\"><br style=\"box-sizing: border-box; padding: 0px; margin: 0px;\">Responsable es:<br style=\"box-sizing: border-box; padding: 0px; margin: 0px;\">Dassegur, S.L.<br style=\"box-sizing: border-box; padding: 0px; margin: 0px;\">CIF: B-73587024<br style=\"box-sizing: border-box; padding: 0px; margin: 0px;\">Direcci\u00f3n: Avda. Andr\u00e9s Murcia, N.\u00ba 96, C.P.30140, Santomera, MURCIA<br style=\"box-sizing: border-box; padding: 0px; margin: 0px;\">&nbsp;<\/p>\n<h3 style=\"box-sizing: border-box; padding: 0px 0px 5px; margin: 0px; font-size: 1.5em; font-weight: 400;\">3.&nbsp;&nbsp; &nbsp;FINALIDAD DEL TRATAMIENTO<\/h3>\n<p style=\"box-sizing: border-box; padding: 0px; margin: 0px;\"><br style=\"box-sizing: border-box; padding: 0px; margin: 0px;\">En Dassegur, S.L. tratamos sus datos personales con la finalidad de gestionar la vigilancia y protecci\u00f3n de bienes de establecimientos, espect\u00e1culos, cert\u00e1menes o convenciones, ya sea a nivel local, auton\u00f3mico o estatal, y, en su caso, con vistas a la instalaci\u00f3n y mantenimiento de aparatos, dispositivos y sistemas de seguridad.<br style=\"box-sizing: border-box; padding: 0px; margin: 0px;\">&nbsp;<\/p>\n<h3 style=\"box-sizing: border-box; padding: 0px 0px 5px; margin: 0px; font-size: 1.5em; font-weight: 400;\">4.&nbsp;&nbsp; &nbsp;LEGITIMACI\u00d3N<\/h3>\n<p style=\"box-sizing: border-box; padding: 0px; margin: 0px;\"><br style=\"box-sizing: border-box; padding: 0px; margin: 0px;\">El tratamiento de estos datos est\u00e1 legitimado por la prestaci\u00f3n de los servicios de seguridad contratados. No facilitar los datos o informaci\u00f3n necesaria imposibilitar\u00e1 la prestaci\u00f3n del servicio solicitado. &nbsp;<br style=\"box-sizing: border-box; padding: 0px; margin: 0px;\">No obstante, en cada formulario donde se recojan datos de car\u00e1cter personal se informar\u00e1 del tratamiento conforme al Reglamento General de Protecci\u00f3n de Datos.<br style=\"box-sizing: border-box; padding: 0px; margin: 0px;\">&nbsp;<\/p>\n<h3 style=\"box-sizing: border-box; padding: 0px 0px 5px; margin: 0px; font-size: 1.5em; font-weight: 400;\">5.&nbsp;&nbsp; &nbsp;DESTINATARIOS DE LA INFORMACI\u00d3N<\/h3>\n<p style=\"box-sizing: border-box; padding: 0px; margin: 0px;\"><br style=\"box-sizing: border-box; padding: 0px; margin: 0px;\">Los destinatarios de los datos de car\u00e1cter personal facilitados por los Usuarios no ser\u00e1n cedidos salvo los casos legalmente previstos para la finalidad indicada.<br style=\"box-sizing: border-box; padding: 0px; margin: 0px;\">&nbsp;<\/p>\n<h3 style=\"box-sizing: border-box; padding: 0px 0px 5px; margin: 0px; font-size: 1.5em; font-weight: 400;\">6.&nbsp;&nbsp; &nbsp;PLAZO DE CONSERVACI\u00d3N DE LOS DATOS<\/h3>\n<p style=\"box-sizing: border-box; padding: 0px; margin: 0px;\"><br style=\"box-sizing: border-box; padding: 0px; margin: 0px;\">Dassegur, S.L. mantendr\u00e1 los datos de car\u00e1cter personal mientras exista una relaci\u00f3n contractual y\/o comercial con el Usuario.<br style=\"box-sizing: border-box; padding: 0px; margin: 0px;\">En caso de ejercer cualquier derecho que implique la eliminaci\u00f3n total o parcial de \u00e9stos, mantendremos los datos debidamente bloqueados durante cinco a\u00f1os, sin darle ning\u00fan uso a los mismos salvo para el cumplimiento de cualquier obligaci\u00f3n legal que resulte de aplicaci\u00f3n.<br style=\"box-sizing: border-box; padding: 0px; margin: 0px;\">&nbsp;<\/p>\n<h3 style=\"box-sizing: border-box; padding: 0px 0px 5px; margin: 0px; font-size: 1.5em; font-weight: 400;\">7.&nbsp;&nbsp; &nbsp; DERECHOS DE LOS USUARIOS<\/h3>\n<p style=\"box-sizing: border-box; padding: 0px; margin: 0px;\"><br style=\"box-sizing: border-box; padding: 0px; margin: 0px;\">El Usuario podr\u00e1 ejercitar los derechos que procedan en cada caso frente al tratamiento de los datos seg\u00fan la normativa (acceso, rectificaci\u00f3n, supresi\u00f3n, oposici\u00f3n, limitaci\u00f3n y\/o portabilidad) dirigi\u00e9ndose por escrito a la direcci\u00f3n postal de Dassegur, S.L., o por correo electr\u00f3nico a info@dassegur.com, facilitando copia de su DNI o documento identificativo equivalente. &nbsp;<br style=\"box-sizing: border-box; padding: 0px; margin: 0px;\">Se podr\u00e1 dirigir a la Agencia Espa\u00f1ola de Protecci\u00f3n de Datos (AEPD) para presentar una reclamaci\u00f3n cuando no considere debidamente atendida su solicitud.<br style=\"box-sizing: border-box; padding: 0px; margin: 0px;\"><br style=\"box-sizing: border-box; padding: 0px; margin: 0px;\">&nbsp;<\/p>\n<h3 style=\"box-sizing: border-box; padding: 0px 0px 5px; margin: 0px; font-size: 1.5em; font-weight: 400;\">8.&nbsp;&nbsp; &nbsp;MEDIDAS DE SEGURIDAD<\/h3>\n<p style=\"box-sizing: border-box; padding: 0px; margin: 0px;\"><br style=\"box-sizing: border-box; padding: 0px; margin: 0px;\">Dassegur, S.L.&nbsp; ha desplegado aquellas medidas que la Ley se\u00f1ala como necesarias para mantener los datos de los Usuarios libres de accesos no autorizados, evitar su revelaci\u00f3n y, en su caso, su destrucci\u00f3n. En este sentido, se han articulado, entre otros, los siguientes mecanismos:<br style=\"box-sizing: border-box; padding: 0px; margin: 0px;\">&#8211;&nbsp;&nbsp; &nbsp;La recopilaci\u00f3n, almacenamiento y tratamiento de datos en el sistema quedan en todo caso salvaguardados frente a accesos no autorizados;<br style=\"box-sizing: border-box; padding: 0px; margin: 0px;\">&#8211;&nbsp;&nbsp; &nbsp;Se restringe el acceso por empleados, proveedores de servicios y otras personas con las que Dassegur, S.L. pueda entablar relaciones contractuales, mediante permisos, acuerdos de confidencialidad, imposici\u00f3n de medidas de seguridad espec\u00edficas y el compromiso de tener actualizadas las medidas de seguridad pertinentes conforme a la legislaci\u00f3n vigente.<br style=\"box-sizing: border-box; padding: 0px; margin: 0px;\">&#8211;&nbsp;&nbsp; &nbsp;Se ha realizado un registro de actividades de tratamiento y un an\u00e1lisis de riesgos relativo al cumplimiento del RGPD y la normativa de aplicaci\u00f3n en materia de seguridad y protecci\u00f3n de datos.<br style=\"box-sizing: border-box; padding: 0px; margin: 0px;\">&#8211;&nbsp;&nbsp; &nbsp;Se han establecido protocolos de atenci\u00f3n a solicitudes de derechos relacionados con los previstos en el RGPD.<br style=\"box-sizing: border-box; padding: 0px; margin: 0px;\">&#8211;&nbsp;&nbsp; &nbsp;Se ha formado al personal en relaci\u00f3n a la prevenci\u00f3n y resoluci\u00f3n de brechas de seguridad.<\/p>\n<\/div>\n<\/div><\/div><\/div><\/div><\/div><\/div><\/div><\/div><\/div><div class=\"vce-row-container\"><div class=\"vce-row vce-element--has-background vce-row--col-gap-30 vce-row-equal-height vce-row-content--top vcv-state--show-resizer\" data-vce-full-width=\"true\" id=\"el-4adc093b\" data-vce-do-apply=\"all el-4adc093b\"><div class=\"vce-content-background-container\"><\/div><div class=\"vce-row-content\" data-vce-element-content=\"true\"><div class=\"vce-col vce-col--md-19-12p vce-col--xs-1 vce-col--xs-last vce-col--xs-first vce-col--sm-last vce-col--sm-first vce-col--md-first vce-col--lg-first vce-col--xl-first\" id=\"el-c8474689\"><div class=\"vce-col-inner\" data-vce-do-apply=\"border margin background  el-c8474689\"><div class=\"vce-col-content\" data-vce-element-content=\"true\" data-vce-do-apply=\"padding el-c8474689\"><div class=\"vce-text-block\"><div class=\"vce-text-block-wrapper vce\" id=\"el-a524d3b7\" data-vce-do-apply=\"all el-a524d3b7\"><ul style=\"box-sizing: border-box; padding: 4px 9px; margin: 0px; list-style-type: none; color: #363636; font-family: Raleway, sans-serif; font-size: 14px; font-style: normal; font-variant-ligatures: normal; font-variant-caps: normal; font-weight: 400; letter-spacing: normal; orphans: 2; text-align: start; text-indent: 0px; text-transform: none; white-space: normal; widows: 2; word-spacing: 0px; -webkit-text-stroke-width: 0px; background-color: #ededed; text-decoration-thickness: initial; text-decoration-style: initial; text-decoration-color: initial;\"><li class=\"letra\" style=\"box-sizing: border-box; margin: 0px 0px 3px; font-size: 0.9em; padding: 0px !important 0px 0px 0px !important;\"><div class=\"arriba\" style=\"box-sizing: border-box; padding: 0px; margin: 0px; text-transform: uppercase; color: #ffffff; font-weight: bolder; font-size: 2.5em; -webkit-text-fill-color: #ffffff; -webkit-text-stroke: 0.5px black;\">DASSEGUR<\/div><div class=\"abajo\" style=\"box-sizing: border-box; padding: 0px; margin: 0px; font-size: 1.4em; -webkit-text-fill-color: #ffb400; -webkit-text-stroke: 0.2px black;\">Vigilancia y seguridad<\/div><\/li><li style=\"box-sizing: border-box; padding: 0px; margin: 0px 0px 3px; font-size: 0.9em;\">&nbsp;<\/li><li style=\"box-sizing: border-box; padding: 0px; margin: 0px 0px 3px; font-size: 0.9em;\"><a style=\"box-sizing: border-box; padding: 0px; margin: 0px; color: #222222; text-decoration: none; border: none;\" title=\"Inicio Dassegur\" href=\"https:\/\/dassegur.com\/\">Inicio<\/a><\/li><li style=\"box-sizing: border-box; padding: 0px; margin: 0px 0px 3px; font-size: 0.9em;\"><a style=\"box-sizing: border-box; padding: 0px; margin: 0px; color: #222222; text-decoration: none; border: none;\" title=\"Leer m\u00e1s Dassegur\" href=\"https:\/\/dassegur.com\/index.php\/dassegur\/\">Dassegur<\/a><\/li><li style=\"box-sizing: border-box; padding: 0px; margin: 0px 0px 3px; font-size: 0.9em;\"><a style=\"box-sizing: border-box; padding: 0px; margin: 0px; color: #222222; text-decoration: none; border: none;\" title=\"Leer m\u00e1s Servicios\" href=\"https:\/\/dassegur.com\/index.php\/servicios\/\">Servicios<\/a><\/li><li style=\"box-sizing: border-box; padding: 0px; margin: 0px 0px 3px; font-size: 0.9em;\"><a style=\"box-sizing: border-box; padding: 0px; margin: 0px; color: #222222; text-decoration: none; border: none;\" title=\"Leer m\u00e1s Trabajo\" href=\"https:\/\/dassegur.com\/index.php\/trabajo\/\">Trabajo<\/a><\/li><li style=\"box-sizing: border-box; padding: 0px; margin: 0px 0px 3px; font-size: 0.9em;\"><a style=\"box-sizing: border-box; padding: 0px; margin: 0px; color: #222222; text-decoration: none; border: none;\" title=\"Contacto Dassegur\" href=\"https:\/\/dassegur.com\/index.php\/servicios\/\">Contacto<\/a><\/li><\/ul><\/div><\/div><\/div><\/div><\/div><div class=\"vce-col vce-col--md-14-96p vce-col--xs-1 vce-col--xs-last vce-col--xs-first vce-col--sm-last vce-col--sm-first\" id=\"el-ec2ee1aa\"><div class=\"vce-col-inner\" data-vce-do-apply=\"border margin background  el-ec2ee1aa\"><div class=\"vce-col-content\" data-vce-element-content=\"true\" data-vce-do-apply=\"padding el-ec2ee1aa\"><div class=\"vce-text-block\"><div class=\"vce-text-block-wrapper vce\" id=\"el-998aab36\" data-vce-do-apply=\"all el-998aab36\"><ul style=\"box-sizing: border-box; padding: 4px 9px; margin: 0px; list-style-type: none; color: #363636; font-family: Raleway, sans-serif; font-size: 14px; font-style: normal; font-variant-ligatures: normal; font-variant-caps: normal; font-weight: 400; letter-spacing: normal; orphans: 2; text-align: start; text-indent: 0px; text-transform: none; white-space: normal; widows: 2; word-spacing: 0px; -webkit-text-stroke-width: 0px; background-color: #ededed; text-decoration-thickness: initial; text-decoration-style: initial; text-decoration-color: initial;\"><li class=\"cabezali\" style=\"box-sizing: border-box; padding: 32px 0px 10px; margin: 0px 0px 3px; color: #666666; font-size: 0.9em;\">Informaci\u00f3n<\/li><li style=\"box-sizing: border-box; padding: 0px; margin: 0px 0px 3px; font-size: 0.9em;\"><a style=\"box-sizing: border-box; padding: 0px; margin: 0px; color: #222222; text-decoration: none; border: none;\" href=\"https:\/\/dassegur.com\/index.php\/avisolegal\/\">Aviso legal<\/a><\/li><li style=\"box-sizing: border-box; padding: 0px; margin: 0px 0px 3px; font-size: 0.9em;\"><a style=\"box-sizing: border-box; padding: 0px; margin: 0px; color: #222222; text-decoration: none; border: none;\" href=\"https:\/\/dassegur.com\/index.php\/politicadeprivacidad\/\">Pol\u00edtica de privacidad<\/a><\/li><\/ul><\/div><\/div><\/div><\/div><\/div><div class=\"vce-col vce-col--md-34-87p vce-col--xs-1 vce-col--xs-last vce-col--xs-first vce-col--sm-last vce-col--sm-first\" id=\"el-b7ba1d9b\"><div class=\"vce-col-inner\" data-vce-do-apply=\"border margin background  el-b7ba1d9b\"><div class=\"vce-col-content\" data-vce-element-content=\"true\" data-vce-do-apply=\"padding el-b7ba1d9b\"><div class=\"vce-text-block\"><div class=\"vce-text-block-wrapper vce\" id=\"el-f3f408c9\" data-vce-do-apply=\"all el-f3f408c9\"><ul style=\"box-sizing: border-box; padding: 4px 9px; margin: 0px; list-style-type: none; color: #363636; font-family: Raleway, sans-serif; font-size: 14px; font-style: normal; font-variant-ligatures: normal; font-variant-caps: normal; font-weight: 400; letter-spacing: normal; orphans: 2; text-align: start; text-indent: 0px; text-transform: none; white-space: normal; widows: 2; word-spacing: 0px; -webkit-text-stroke-width: 0px; background-color: #ededed; text-decoration-thickness: initial; text-decoration-style: initial; text-decoration-color: initial;\"><li class=\"cabezali\" style=\"box-sizing: border-box; padding: 32px 0px 10px; margin: 0px 0px 3px; color: #666666; font-size: 0.9em;\">Certificaciones<\/li><li class=\"isos\" style=\"box-sizing: border-box; padding: 0px; margin: 0px 0px 3px; font-size: 0.9em;\"><img loading=\"lazy\" decoding=\"async\" class=\"alignnone size-medium wp-image-174\" src=\"https:\/\/dassegur.com\/wp-content\/uploads\/2021\/04\/isos-dassegur-300x89.png\" alt=\"\" width=\"300\" height=\"89\" srcset=\"https:\/\/dassegur.com\/wp-content\/uploads\/2021\/04\/isos-dassegur-300x89.png 300w, https:\/\/dassegur.com\/wp-content\/uploads\/2021\/04\/isos-dassegur-768x229.png 768w, https:\/\/dassegur.com\/wp-content\/uploads\/2021\/04\/isos-dassegur.png 1006w\" sizes=\"auto, (max-width: 300px) 100vw, 300px\" \/><\/li><\/ul><\/div><\/div><\/div><\/div><\/div><div class=\"vce-col vce-col--md-31-05p vce-col--xs-1 vce-col--xs-last vce-col--xs-first vce-col--sm-last vce-col--sm-first vce-col--md-last vce-col--lg-last vce-col--xl-last\" id=\"el-8555f0f9\"><div class=\"vce-col-inner\" data-vce-do-apply=\"border margin background  el-8555f0f9\"><div class=\"vce-col-content\" data-vce-element-content=\"true\" data-vce-do-apply=\"padding el-8555f0f9\"><div class=\"vce-text-block\"><div class=\"vce-text-block-wrapper vce\" id=\"el-8e8a9a7a\" data-vce-do-apply=\"all el-8e8a9a7a\"><div class=\"lineaFooter lineaDerecha\" style=\"box-sizing: border-box; padding: 2px 0px 0px; margin: 5px 0px 0px; position: absolute; float: left; width: 250px; text-align: right; right: 0px; color: #363636; font-family: Raleway, sans-serif; font-size: 14px; font-style: normal; font-variant-ligatures: normal; font-variant-caps: normal; font-weight: 400; letter-spacing: normal; orphans: 2; text-indent: 0px; text-transform: none; white-space: normal; widows: 2; word-spacing: 0px; -webkit-text-stroke-width: 0px; background-color: #ededed; text-decoration-thickness: initial; text-decoration-style: initial; text-decoration-color: initial;\"><ul style=\"box-sizing: border-box; padding: 4px 9px; margin: 0px; list-style-type: none;\"><li class=\"cabezali\" style=\"box-sizing: border-box; padding: 32px 0px 10px; margin: 0px 0px 3px; color: #666666; font-size: 0.9em;\">Newsletter<\/li><li style=\"box-sizing: border-box; padding: 0px; margin: 0px 0px 3px; font-size: 0.9em;\"><div style=\"box-sizing: border-box; padding: 0px; margin: 0px;\">Suscr\u00edbete a nuestra newsletter<\/div><form style=\"box-sizing: border-box; padding: 0px; margin: 0px;\" action=\"http:\/\/82.223.22.20\/plesk-site-preview\/www.dassegur.com\/https\/82.223.22.20\/inicio\" method=\"post\" name=\"formnews\"><div class=\"formulario alineadoDerecha\" style=\"box-sizing: border-box; padding: 0px; margin: 10px 0px 0px; position: absolute; right: 0px; font-size: 1em;\"><div class=\"paralelo\" style=\"box-sizing: border-box; padding: 0px; margin: 0px; float: left; position: relative;\"><input style=\"box-sizing: border-box; padding: 9px 4px; margin: 0px; min-width: 20px; font-family: Raleway, sans-serif; height: 36px;\" maxlength=\"60\" name=\"emailnews\" size=\"17\" type=\"text\" placeholder=\"Email\"><\/div><div class=\"paralelo\" style=\"box-sizing: border-box; padding: 0px; margin: 0px; float: left; position: relative;\"><input class=\"boton\" style=\"box-sizing: border-box; padding: 9px 4px; margin: 0px; min-width: 20px; font-family: Raleway, sans-serif; background: none 0px 0px repeat scroll #ffb400; border: 1px solid #ffb400; color: #ffffff; height: 36px; cursor: pointer; transition: all 0.5s ease-out 0s;\" type=\"button\" value=\"Registrarse\"><\/div><\/div><div class=\"clear\" style=\"box-sizing: border-box; padding: 0px; margin: 0px; clear: both;\">&nbsp;<\/div><\/form><\/li><\/ul><\/div><div class=\"clear\" style=\"box-sizing: border-box; padding: 0px; margin: 0px; clear: both; color: #363636; font-family: Raleway, sans-serif; font-size: 14px; font-style: normal; font-variant-ligatures: normal; font-variant-caps: normal; font-weight: 400; letter-spacing: normal; orphans: 2; text-align: start; text-indent: 0px; text-transform: none; white-space: normal; widows: 2; word-spacing: 0px; -webkit-text-stroke-width: 0px; background-color: #ededed; text-decoration-thickness: initial; text-decoration-style: initial; text-decoration-color: initial;\">&nbsp;<\/div><\/div><\/div><\/div><\/div><\/div><\/div><\/div><\/div>\n","protected":false},"excerpt":{"rendered":"<p>Pol\u00edtica de privacidad 1.&nbsp;&nbsp; &nbsp; INTRODUCCI\u00d3N En caso de que un usuario de la web u otro medio an\u00e1logo (en adelante, el \u201cUsuario\u201d) contacte con Dassegur, S.L. para pedir informaci\u00f3n (Facebook, Twitter, LinkedIn), los datos vertidos \u00fanicamente ser\u00e1n tratados para poder contestar a dicha comunicaci\u00f3n. Si, adem\u00e1s, el Usuario ha dado su consentimiento expreso de [&hellip;]<\/p>\n","protected":false},"author":1,"featured_media":0,"parent":0,"menu_order":0,"comment_status":"closed","ping_status":"closed","template":"","meta":{"footnotes":""},"class_list":["post-180","page","type-page","status-publish","hentry"],"_links":{"self":[{"href":"https:\/\/dassegur.com\/index.php\/wp-json\/wp\/v2\/pages\/180","targetHints":{"allow":["GET"]}}],"collection":[{"href":"https:\/\/dassegur.com\/index.php\/wp-json\/wp\/v2\/pages"}],"about":[{"href":"https:\/\/dassegur.com\/index.php\/wp-json\/wp\/v2\/types\/page"}],"author":[{"embeddable":true,"href":"https:\/\/dassegur.com\/index.php\/wp-json\/wp\/v2\/users\/1"}],"replies":[{"embeddable":true,"href":"https:\/\/dassegur.com\/index.php\/wp-json\/wp\/v2\/comments?post=180"}],"version-history":[{"count":4,"href":"https:\/\/dassegur.com\/index.php\/wp-json\/wp\/v2\/pages\/180\/revisions"}],"predecessor-version":[{"id":198,"href":"https:\/\/dassegur.com\/index.php\/wp-json\/wp\/v2\/pages\/180\/revisions\/198"}],"wp:attachment":[{"href":"https:\/\/dassegur.com\/index.php\/wp-json\/wp\/v2\/media?parent=180"}],"curies":[{"name":"wp","href":"https:\/\/api.w.org\/{rel}","templated":true}]}}